
{"id":92,"date":"2017-05-05T13:36:35","date_gmt":"2017-05-05T11:36:35","guid":{"rendered":"https:\/\/przedszkole48.edu.wroclaw.pl\/?page_id=92"},"modified":"2025-11-25T09:44:38","modified_gmt":"2025-11-25T08:44:38","slug":"grupa-i","status":"publish","type":"page","link":"https:\/\/przedszkole48.edu.wroclaw.pl\/index.php\/grupy-2\/grupa-i\/","title":{"rendered":"Grupa I"},"content":{"rendered":"<div class=\"wpb-content-wrapper\"><p>[vc_row css=&#8221;.vc_custom_1731493005169{background: #a8733a url(https:\/\/przedszkola.edu.wroclaw.pl\/wp-content\/uploads\/sites\/30\/2021\/06\/tlo.png?id=) !important;}&#8221;][vc_column][vc_tta_tabs active_section=&#8221;1&#8243; css=&#8221;.vc_custom_1731499349808{margin-left: 27px !important;}&#8221;][vc_tta_section title=&#8221;O nas&#8221; tab_id=&#8221;1606484233605-1d21e2ea-ef57&#8243;][vc_column_text css=&#8221;&#8221;]<\/p>\n<h2 style=\"text-align: center;\"><span style=\"font-size: 24pt;\">O nas &nbsp;&nbsp;<\/span><\/h2>\n<p><span id=\"text5_DFText_5-0\" class=\"skgd skgdli-text5_ListItem_2-text5_DFText_5\" data-sgid=\"text5_DFText_5-0\">Grupa I dzieci z rocznika 2021<\/span><\/p>\n<p><span id=\"text5_DFText_5-0\" class=\"skgd skgdli-text5_ListItem_2-text5_DFText_5\" data-sgid=\"text5_DFText_5-0\">Nauczyciele: Marzena Fory\u015b, Aleksandra Owczarek<\/span>[\/vc_column_text][\/vc_tta_section][vc_tta_section title=&#8221;Tematy miesi\u0105ca&#8221; tab_id=&#8221;1642673952835-bb227c80-cae5&#8243;][vc_column_text css=&#8221;&#8221;]<\/p>\n<h2 style=\"text-align: center;\"><span style=\"font-size: 24pt;\">Tematy miesi\u0105ca<\/span><\/h2>\n<h3 style=\"text-align: center;\"><strong>MARZEC 2024<\/strong><\/h3>\n<p>TEMATYKA ZAJ\u0118\u0106:<\/p>\n<ul>\n<li>W kinie i&nbsp;w teatrze<\/li>\n<li>Przebudzenie po zimie<\/li>\n<li>W wiosennym ogrodzie<\/li>\n<li>Od kurnika do \u015bwi\u0105tecznego koszyka<\/li>\n<\/ul>\n<p>KOMPETENCJE KLUCZOWE:<\/p>\n<ul>\n<li>Rozumienie i&nbsp;tworzenie informacji<\/li>\n<li>W zakresie&nbsp; \u015bwiadomo\u015bci i ekspresji kulturalnej<\/li>\n<li>Umiej\u0119tno\u015b\u0107 uczenia si\u0119<\/li>\n<\/ul>\n<p>CELE G\u0141\u00d3WNE:<\/p>\n<ul>\n<li>zapoznanie z wybranymi instrumentami muzycznymi,&nbsp;&nbsp;&nbsp;IV 7<\/li>\n<li>rozwijanie sprawno\u015bci manualnych, IV. 8<\/li>\n<li>rozwijanie pami\u0119ci s\u0142uchowej,&nbsp; IV. 5<\/li>\n<li>rozwijanie koncentracji uwagi,&nbsp; IV. 2,&nbsp; IV. 5<\/li>\n<li>zach\u0119canie do uwa\u017cnego s\u0142uchania utwor\u00f3w i wypowiadania si\u0119 na jego temat,&nbsp;&nbsp;&nbsp;IV. 5<\/li>\n<li>\u0142\u0105czenie umiej\u0119tno\u015bci s\u0142uchania muzyki z ekspresj\u0105 ruchow\u0105, IV. 7<\/li>\n<li>przybli\u017cenie wiadomo\u015bci na temat teatru,IV.5<\/li>\n<li>zapoznanie z teatrzykiem cieni, IV. 1<\/li>\n<li>zach\u0119canie do zabaw w teatr \u2013 dowolnych i zorganizowanych, IV. 1<\/li>\n<li>rozwijanie poczucia rytmu i mo\u017cliwo\u015bci wokalnych, IV. 7<\/li>\n<li>rozwijanie kompetencji matematycznych,&nbsp;&nbsp;&nbsp;IV. 5<\/li>\n<li>czerpanie rado\u015bci w zabawach z innymi dzie\u0107mi, III. 5<\/li>\n<li>wyra\u017canie ekspresji tw\u00f3rczej podczas zabaw konstrukcyjnych,&nbsp;&nbsp;IV. 11<\/li>\n<li>rozwijanie tre\u015bci przekazywanych przez symbole graficzne oznaczaj\u0105ce zjawiska atmosferyczne, IV. 5<\/li>\n<li>rozwijanie pami\u0119ci i spostrzegawczo\u015bci wzrokowej,&nbsp;&nbsp;IV. 18<\/li>\n<li>dostrzeganie zmian zachodz\u0105cych w przyrodzie w okresie przedwio\u015bnia,&nbsp;&nbsp;&nbsp;&nbsp;&nbsp;IV. 18<\/li>\n<li>rozwijanie umiej\u0119tno\u015bci obserwacji, IV. 18<\/li>\n<li>dostrzeganie oznak wiosny,&nbsp;&nbsp;&nbsp;&nbsp;&nbsp;&nbsp;IV. 5;&nbsp;&nbsp; IV. 8<\/li>\n<li>wdra\u017canie do przestrzegania zasad i regu\u0142 w zabawach,&nbsp;&nbsp;&nbsp;&nbsp;&nbsp; I. 5;&nbsp;&nbsp; III. 5<\/li>\n<li>rozwijanie my\u015blenia przyczynowo \u2013 skutkowego,&nbsp;&nbsp;&nbsp;&nbsp;&nbsp;IV. 5<\/li>\n<li>wdra\u017canie do zwracania uwagi na kaprysy pogody w marcu,&nbsp;&nbsp;&nbsp;&nbsp;&nbsp;&nbsp;&nbsp;IV. 18<\/li>\n<li>poznanie poj\u0119\u0107 zwi\u0105zanych z ksi\u0105\u017ckami IV.5<\/li>\n<li>rozwijanie umiej\u0119tno\u015bci wyra\u017cania muzyki ruchem,&nbsp;&nbsp;&nbsp;&nbsp;&nbsp;&nbsp;IV. 7<\/li>\n<li>rozwijanie sprawno\u015bci fizycznej,&nbsp;&nbsp;&nbsp;&nbsp;&nbsp;&nbsp;&nbsp;&nbsp; I. 8<\/li>\n<\/ul>\n<p>MPPL: &nbsp;Rozwijanie mowy czynnej<\/p>\n<h3 style=\"text-align: center;\"><strong>STYCZE\u0143 2024<\/strong><\/h3>\n<p>TEMATYKA ZAJ\u0118\u0106:<\/p>\n<ul>\n<li>Nadchodzi Nowy Rok<\/li>\n<li>Sporty zimowe<\/li>\n<li>Dzie\u0144 Babci i Dzie\u0144 Dziadka<\/li>\n<li>Karnawa\u0142<\/li>\n<\/ul>\n<p>KOMPETENCJE KLUCZOWE:<\/p>\n<ul>\n<li>Rozumienie i&nbsp;tworzenie informacji<\/li>\n<li>Matematyczne, w zakresie nauk przyrodniczych, technologii i informacji<\/li>\n<li>Umiej\u0119tno\u015b\u0107 uczenia si\u0119<\/li>\n<\/ul>\n<p>CELE G\u0141\u00d3WNE:<\/p>\n<ul>\n<li>rozwijanie mowy i my\u015blenia,&nbsp; IV 5, IV 2<\/li>\n<li>kszta\u0142towanie umiej\u0119tno\u015bci wokalnych,&nbsp;&nbsp;IV 7<\/li>\n<li>rozwijanie sprawno\u015bci manualnych, IV 8, 1, 11<\/li>\n<li>zach\u0119canie do wsp\u00f3lnej zabawy, III 2,&nbsp;&nbsp;III 5<\/li>\n<li>wdra\u017canie do przestrzegania ustalonych zasad i regu\u0142 w zabawach,&nbsp;&nbsp;I 5,&nbsp;&nbsp;III<\/li>\n<li>rozwijanie motoryki du\u017cej i ma\u0142ej, sprawno\u015bci fizycznej&nbsp;&nbsp;I 5,&nbsp;&nbsp;I 7<\/li>\n<li>wdra\u017canie do rozwi\u0105zywania zagadek s\u0142ownych,&nbsp;&nbsp;IV 5<\/li>\n<li>rozwijanie odczuwania przynale\u017cno\u015bci do rodziny, grupy przedszkolnej III2,<\/li>\n<li>rozwijanie koncentracji uwagi, IV2,&nbsp;&nbsp;IV 5<\/li>\n<li>ukazanie sposobu niesienia pomocy starszym osobom, III 1, III 8<\/li>\n<li>kszta\u0142towanie poczucia rytmu,&nbsp;&nbsp;I 5,&nbsp;&nbsp;I 7<\/li>\n<li>umuzykalnianie dzieci,&nbsp;&nbsp;IV 7<\/li>\n<li>rozwijanie umiej\u0119tno\u015bci liczenia,&nbsp;&nbsp;&nbsp;IV 15<\/li>\n<li>u\u017cywanie form grzeczno\u015bciowych w kontaktach z r\u00f3wie\u015bnikami i osobami doros\u0142ymi,&nbsp;&nbsp;&nbsp;&nbsp;IV 12<\/li>\n<li>rozwijanie umiej\u0119tno\u015bci rozr\u00f3\u017cniania \u015bwiata realnego od bajkowego IV3<\/li>\n<\/ul>\n<p>MPPL:<\/p>\n<p>\u0106wiczenia oddechowe \u2013 kszta\u0142towanie prawid\u0142owego toru oddechowego.<\/p>\n<h3 style=\"text-align: center;\"><strong>LISTOPAD 2023<\/strong><\/h3>\n<p>TEMATYKA ZAJ\u0118\u0106:<\/p>\n<ul>\n<li>Bezpieczni na&nbsp;drodze<\/li>\n<li>Ma\u0142a i du\u017ca ojczyzna<\/li>\n<li>W \u015bwiecie wyobra\u017ani<\/li>\n<li>Nasze cia\u0142o<\/li>\n<\/ul>\n<p>KOMPETENCJE KLUCZOWE:<\/p>\n<ul>\n<li>Rozumienie i&nbsp;tworzenie informacji<\/li>\n<li>Matematyczne, obywatelskie<\/li>\n<li>Umiej\u0119tno\u015b\u0107 uczenia si\u0119<\/li>\n<\/ul>\n<p>CELE G\u0141\u00d3WNE:<\/p>\n<ul>\n<li>rozwijanie mowy i my\u015blenia,&nbsp;&nbsp;IV 5, IV 2<\/li>\n<li>kszta\u0142towanie umiej\u0119tno\u015bci wokalnych,&nbsp;&nbsp;IV 7<\/li>\n<li>rozwijanie sprawno\u015bci manualnych,&nbsp;&nbsp;&nbsp;&nbsp;&nbsp;&nbsp; IV 8, 1, 11<\/li>\n<li>zach\u0119canie do wsp\u00f3lnej zabawy,&nbsp;&nbsp; &nbsp;&nbsp;&nbsp;&nbsp;&nbsp;&nbsp;&nbsp;&nbsp;&nbsp;III 2,&nbsp;&nbsp;III 5<\/li>\n<li>wdra\u017canie do przestrzegania ustalonych zasad i regu\u0142 w zabawach,&nbsp;&nbsp;I 5,<\/li>\n<li>rozwijanie motoryki du\u017cej i ma\u0142ej, sprawno\u015bci fizycznej&nbsp;&nbsp;I 5,&nbsp;&nbsp;I 7<\/li>\n<li>wdra\u017canie do rozwi\u0105zywania zagadek s\u0142ownych,&nbsp;&nbsp;IV 5<\/li>\n<li>czerpanie rado\u015bci w zabawach z innymi dzie\u0107mi,&nbsp;&nbsp;III 5<\/li>\n<li>rozwijanie koncentracji uwagi, IV2,&nbsp;&nbsp;IV 5<\/li>\n<li>wypowiadanie si\u0119 na zadane tematy IV 2,<\/li>\n<li>kszta\u0142towanie poczucia rytmu,&nbsp;&nbsp;I 5,&nbsp;&nbsp;I 7<\/li>\n<li>wskazuje wybrane cz\u0119\u015bci cia\u0142a IV 6, IV 14<\/li>\n<li>rozwijanie umiej\u0119tno\u015bci liczenia,&nbsp;&nbsp;&nbsp;IV 15<\/li>\n<li>wykonywanie \u0107wicze\u0144 ruchowych I 1, I 15<\/li>\n<li>rozwijanie umiej\u0119tno\u015bci samoobs\u0142ugowych,&nbsp;&nbsp;&nbsp;I 2,&nbsp;&nbsp;I 7<\/li>\n<\/ul>\n<p>MPPL:<\/p>\n<p>Usprawnianie motoryki aparatu artykulacyjne przez \u0107wiczenia narz\u0105d\u00f3w mowy<\/p>\n<h3 style=\"text-align: center;\"><strong>WRZESIE\u0143 2023<\/strong><\/h3>\n<p>TEMATYKA ZAJ\u0118\u0106:<\/p>\n<ul>\n<li>Poznajmy si\u0119 &#8211; 1.09 &#8211; 9.09<\/li>\n<li>Bezpieczny przedszkolak &#8211; 12.09 \u2013 16.09<\/li>\n<li>Jeste\u015bmy podobni, jeste\u015bmy r\u00f3\u017cni \u2013 19.09 \u2013 23.09<\/li>\n<li>W naszym przedszkolu \u2013 26.09 \u2013 30.09<\/li>\n<\/ul>\n<p>CELE G\u0141\u00d3WNE:<\/p>\n<ul>\n<li>przestrzeganie regu\u0142 obowi\u0105zuj\u0105cych w przedszkolu III.7,<\/li>\n<li>przestrzeganie zasad ustalonych w grupie przedszkolnej III.7,<\/li>\n<li>grzeczne zwracanie si\u0119 do innych III.4,<\/li>\n<li>rozwijanie umiej\u0119tno\u015bci zrozumia\u0142ego komunikowania si\u0119 III.8, III.9, IV.2,<\/li>\n<li>rozwijanie umiej\u0119tno\u015bci poprawnego mycia r\u0105k I.1,<\/li>\n<li>rozwijanie umiej\u0119tno\u015bci wypowiadania si\u0119 na dany temat IV.2, IV.5, IV.6,<\/li>\n<li>kszta\u0142towanie postawy wyra\u017caj\u0105cej szacunek dla innych os\u00f3b III.1,<\/li>\n<li>rozwijanie umiej\u0119tno\u015bci uwa\u017cnego s\u0142uchania III.8,<\/li>\n<li>rozwijanie motoryki ma\u0142ej IV.8,<\/li>\n<li>rozwijanie umiej\u0119tno\u015bci odk\u0142adania zabawek na miejsce I.7,<\/li>\n<li>rozwijanie s\u0142uchu fonematycznego IV.7,<\/li>\n<li>uczestnictwo w zabawach ruchowych I.5,<\/li>\n<li>zgodna zabawa w grupie III.1, III.2,<\/li>\n<li>rozwijanie zdolno\u015bci manualnych IV.8, IV.11,<\/li>\n<li>wspieranie samodzielno\u015bci I.1, I.2,<\/li>\n<li>nawi\u0105zywanie relacji r\u00f3wie\u015bniczych III.1, III.2,<\/li>\n<li>wyra\u017canie piosenki ruchem IV.1,<\/li>\n<li>nazywa swoje emocje II.1,<\/li>\n<\/ul>\n<p>KOMPETENCJE KLUCZOWE:<\/p>\n<ul>\n<li>Rozumienie i&nbsp;tworzenie informacji<\/li>\n<li>Kompetencje osobiste, spo\u0142eczne i&nbsp;w zakresie uczenia si\u0119<\/li>\n<\/ul>\n<p>MPPL :<\/p>\n<p>usprawnianie motoryki aparatu artykulacyjnego poprzez \u0107wiczenia narz\u0105d\u00f3w mowy&nbsp; &nbsp; &nbsp;[\/vc_column_text][vc_column_text css=&#8221;&#8221;][\/vc_column_text][\/vc_tta_section][vc_tta_section title=&#8221;Aktualno\u015bci&#8221; tab_id=&#8221;1614612966580-c2817fc9-5d25&#8243;][vc_column_text css=&#8221;&#8221;]<\/p>\n<h2 style=\"text-align: center;\"><span style=\"font-size: 24pt;\">Aktualno\u015bci<\/span><\/h2>\n<p>[\/vc_column_text][\/vc_tta_section][vc_tta_section title=&#8221;Zaj\u0119cia dodatkowe&#8221; tab_id=&#8221;1616517610712-a70b2645-fd35&#8243;][vc_column_text css=&#8221;&#8221;]<\/p>\n<h2 style=\"text-align: center;\"><span style=\"font-size: 24pt;\">Zaj\u0119cia dodatkowe<\/span><\/h2>\n<p>[\/vc_column_text][\/vc_tta_section][vc_tta_section title=&#8221;Zdj\u0119cia&#8221; tab_id=&#8221;1642672858339-37cbfadc-3706&#8243;][vc_gallery type=&#8221;image_grid&#8221; images=&#8221;11846,11845,11844,11843,11842,11841,11840,11839&#8243; css=&#8221;&#8221;][\/vc_tta_section][\/vc_tta_tabs][\/vc_column][\/vc_row]<\/p>\n<\/div>","protected":false},"excerpt":{"rendered":"<p>[vc_row css=&#8221;.vc_custom_1731493005169{background: #a8733a url(https:\/\/przedszkola.edu.wroclaw.pl\/wp-content\/uploads\/sites\/30\/2021\/06\/tlo.png?id=) !important;}&#8221;][vc_column][vc_tta_tabs active_section=&#8221;1&#8243; css=&#8221;.vc_custom_1731499349808{margin-left: 27px !important;}&#8221;][vc_tta_section title=&#8221;O nas&#8221; tab_id=&#8221;1606484233605-1d21e2ea-ef57&#8243;][vc_column_text css=&#8221;&#8221;] O nas &nbsp;&nbsp; Grupa I dzieci z rocznika 2021 Nauczyciele: Marzena Fory\u015b, Aleksandra Owczarek[\/vc_column_text][\/vc_tta_section][vc_tta_section title=&#8221;Tematy miesi\u0105ca&#8221; tab_id=&#8221;1642673952835-bb227c80-cae5&#8243;][vc_column_text [&hellip;]<\/p>\n","protected":false},"author":444,"featured_media":0,"parent":70,"menu_order":0,"comment_status":"closed","ping_status":"closed","template":"","meta":{"ngg_post_thumbnail":0,"footnotes":""},"class_list":["post-92","page","type-page","status-publish","hentry","clearfix"],"_links":{"self":[{"href":"https:\/\/przedszkole48.edu.wroclaw.pl\/index.php\/wp-json\/wp\/v2\/pages\/92","targetHints":{"allow":["GET"]}}],"collection":[{"href":"https:\/\/przedszkole48.edu.wroclaw.pl\/index.php\/wp-json\/wp\/v2\/pages"}],"about":[{"href":"https:\/\/przedszkole48.edu.wroclaw.pl\/index.php\/wp-json\/wp\/v2\/types\/page"}],"author":[{"embeddable":true,"href":"https:\/\/przedszkole48.edu.wroclaw.pl\/index.php\/wp-json\/wp\/v2\/users\/444"}],"replies":[{"embeddable":true,"href":"https:\/\/przedszkole48.edu.wroclaw.pl\/index.php\/wp-json\/wp\/v2\/comments?post=92"}],"version-history":[{"count":15,"href":"https:\/\/przedszkole48.edu.wroclaw.pl\/index.php\/wp-json\/wp\/v2\/pages\/92\/revisions"}],"predecessor-version":[{"id":642,"href":"https:\/\/przedszkole48.edu.wroclaw.pl\/index.php\/wp-json\/wp\/v2\/pages\/92\/revisions\/642"}],"up":[{"embeddable":true,"href":"https:\/\/przedszkole48.edu.wroclaw.pl\/index.php\/wp-json\/wp\/v2\/pages\/70"}],"wp:attachment":[{"href":"https:\/\/przedszkole48.edu.wroclaw.pl\/index.php\/wp-json\/wp\/v2\/media?parent=92"}],"curies":[{"name":"wp","href":"https:\/\/api.w.org\/{rel}","templated":true}]}}