
{"id":53,"date":"2017-04-10T15:15:39","date_gmt":"2017-04-10T13:15:39","guid":{"rendered":"https:\/\/przedszkole48.edu.wroclaw.pl\/?page_id=53"},"modified":"2025-08-30T16:48:01","modified_gmt":"2025-08-30T14:48:01","slug":"grupy","status":"publish","type":"page","link":"https:\/\/przedszkole48.edu.wroclaw.pl\/index.php\/grupy\/","title":{"rendered":"Dokumenty"},"content":{"rendered":"<div class=\"wpb-content-wrapper\"><p>[vc_row][vc_column][vc_column_text css=&#8221;&#8221;]<a href=\"https:\/\/przedszkole48.edu.wroclaw.pl\/wp-content\/uploads\/sites\/21\/2025\/08\/Deklaracja-pobytu-dziecka-2025-26.docx\" target=\"_blank\" rel=\"noopener\">Deklaracja pobytu dziecka 2025-2026<\/a><\/p>\n<p><a href=\"https:\/\/przedszkole48.edu.wroclaw.pl\/wp-content\/uploads\/sites\/21\/2024\/11\/REZYGNACJA_Z_PRZEDSZKOLA.doc\" target=\"_blank\" rel=\"noopener\">Rezygnacja z przedszkola.doc (28 KB)<\/a><\/p>\n<p><a href=\"https:\/\/przedszkole48.edu.wroclaw.pl\/wp-content\/uploads\/sites\/21\/2025\/08\/zgoda-na-odbio\u0301r-dziecka.docx\" target=\"_blank\" rel=\"noopener\">Upowa\u017cnienie do odbioru dziecka 2025<\/a><\/p>\n<p><a href=\"https:\/\/przedszkole48.edu.wroclaw.pl\/wp-content\/uploads\/sites\/21\/2024\/11\/OSWIADCZENIE_O_DLUGOTRWALEJ_NIEOBECNOSCI_DZIECKA.doc\" target=\"_blank\" rel=\"noopener\">O\u015bwiadczenie o d\u0142ugotrwa\u0142ej nieobecno\u015bci dziecka.doc (28 KB)<\/a><\/p>\n<p><a href=\"https:\/\/przedszkole48.edu.wroclaw.pl\/wp-content\/uploads\/sites\/21\/2024\/11\/wniosek_zwolnienie_z_oplaty_2023-24.doc\" target=\"_blank\" rel=\"noopener\">Wniosek o zwolnienie z op\u0142aty.doc (30 KB)<\/a><\/p>\n<p><a href=\"https:\/\/przedszkole48.edu.wroclaw.pl\/wp-content\/uploads\/sites\/21\/2024\/11\/P48_wniosek-o-wydanie-opinii.pdf\" target=\"_blank\" rel=\"noopener\">Wniosek o wydanie opinii.pdf (300 KB)<\/a><\/p>\n<p><a href=\"https:\/\/przedszkole48.edu.wroclaw.pl\/wp-content\/uploads\/sites\/21\/2024\/11\/Podanie_rodzica_o_korzystanie_z_innego_przedszkola_w_wakacje_2024.docx\" target=\"_blank\" rel=\"noopener\">Podanie rodzica o korzystanie z innego przedszkola w wakacje.docx (47 KB)<\/a>[\/vc_column_text][\/vc_column][\/vc_row]<\/p>\n<\/div>","protected":false},"excerpt":{"rendered":"<p>[vc_row][vc_column][vc_column_text css=&#8221;&#8221;]Deklaracja pobytu dziecka 2025-2026 Rezygnacja z przedszkola.doc (28 KB) Upowa\u017cnienie do odbioru dziecka 2025 O\u015bwiadczenie o d\u0142ugotrwa\u0142ej nieobecno\u015bci dziecka.doc (28 KB) Wniosek o zwolnienie z op\u0142aty.doc (30 KB) Wniosek [&hellip;]<\/p>\n","protected":false},"author":7,"featured_media":0,"parent":0,"menu_order":0,"comment_status":"closed","ping_status":"closed","template":"","meta":{"ngg_post_thumbnail":0,"footnotes":""},"class_list":["post-53","page","type-page","status-publish","hentry","clearfix"],"_links":{"self":[{"href":"https:\/\/przedszkole48.edu.wroclaw.pl\/index.php\/wp-json\/wp\/v2\/pages\/53","targetHints":{"allow":["GET"]}}],"collection":[{"href":"https:\/\/przedszkole48.edu.wroclaw.pl\/index.php\/wp-json\/wp\/v2\/pages"}],"about":[{"href":"https:\/\/przedszkole48.edu.wroclaw.pl\/index.php\/wp-json\/wp\/v2\/types\/page"}],"author":[{"embeddable":true,"href":"https:\/\/przedszkole48.edu.wroclaw.pl\/index.php\/wp-json\/wp\/v2\/users\/7"}],"replies":[{"embeddable":true,"href":"https:\/\/przedszkole48.edu.wroclaw.pl\/index.php\/wp-json\/wp\/v2\/comments?post=53"}],"version-history":[{"count":11,"href":"https:\/\/przedszkole48.edu.wroclaw.pl\/index.php\/wp-json\/wp\/v2\/pages\/53\/revisions"}],"predecessor-version":[{"id":637,"href":"https:\/\/przedszkole48.edu.wroclaw.pl\/index.php\/wp-json\/wp\/v2\/pages\/53\/revisions\/637"}],"wp:attachment":[{"href":"https:\/\/przedszkole48.edu.wroclaw.pl\/index.php\/wp-json\/wp\/v2\/media?parent=53"}],"curies":[{"name":"wp","href":"https:\/\/api.w.org\/{rel}","templated":true}]}}