
{"id":510,"date":"2024-11-26T10:46:46","date_gmt":"2024-11-26T09:46:46","guid":{"rendered":"https:\/\/przedszkole48.edu.wroclaw.pl\/?page_id=510"},"modified":"2026-01-14T13:18:08","modified_gmt":"2026-01-14T12:18:08","slug":"deklaracja-dostepnosci","status":"publish","type":"page","link":"https:\/\/przedszkole48.edu.wroclaw.pl\/index.php\/deklaracja-dostepnosci\/","title":{"rendered":"Deklaracja dost\u0119pno\u015bci"},"content":{"rendered":"<div class=\"wpb-content-wrapper\"><p>[vc_row css=&#8221;.vc_custom_1732617927704{margin-top: -80px !important;}&#8221;][vc_column width=&#8221;3\/4&#8243;][\/vc_column][vc_column width=&#8221;1\/4&#8243;][vc_icon icon_fontawesome=&#8221;far fa-file-alt&#8221; color=&#8221;mulled_wine&#8221; background_style=&#8221;rounded-outline&#8221; background_color=&#8221;mulled_wine&#8221; size=&#8221;lg&#8221; align=&#8221;center&#8221; css=&#8221;.vc_custom_1732618526162{margin-bottom: 0px !important;}&#8221; link=&#8221;url:%2Fwp-content%2Fuploads%2Fsites%2F21%2F2024%2F11%2Fraport_o_dostepnosci_P-48.pdf|target:_blank&#8221;][vc_column_text css=&#8221;.vc_custom_1732618025923{margin-bottom: 0px !important;}&#8221;]<\/p>\n<p style=\"text-align: center;\"><strong>Raport o dost\u0119pno\u015bci<\/strong><\/p>\n<p>[\/vc_column_text][\/vc_column][\/vc_row][vc_row][vc_column][vc_column_text css=&#8221;&#8221;]<\/p>\n<h2 id=\"a11y-deklaracja\"><span style=\"font-size: 36pt;\"><strong>Deklaracja dost\u0119pno\u015bci Przedszkola nr 48<\/strong><\/span><span style=\"color: #007e9e;\"><strong><span style=\"font-size: 36pt;\"><br \/>\n<\/span><\/strong><\/span><\/h2>\n<p>[\/vc_column_text][\/vc_column][\/vc_row][vc_row][vc_column][vc_column_text css=&#8221;&#8221;]<\/p>\n<p id=\"a11y-wstep\"><span style=\"font-size: 14pt;\"><span id=\"a11y-podmiot\">Przedszkole nr 48 we Wroc\u0142awiu<\/span> zobowi\u0105zuje si\u0119 zapewni\u0107 dost\u0119pno\u015b\u0107 swojej strony internetowej zgodnie z przepisami ustawy z dnia 4&nbsp;kwietnia 2019&nbsp;r. o&nbsp;dost\u0119pno\u015bci cyfrowej stron internetowych i&nbsp;aplikacji mobilnych podmiot\u00f3w publicznych. O\u015bwiadczenie w sprawie dost\u0119pno\u015bci ma zastosowanie do strony internetowej <a id=\"a11y-url\" href=\"http:\/\/przedszkole48.edu.wroclaw.pl\">Przedszkole nr 48<\/a>.<\/span><\/p>\n<ul>\n<li><span style=\"font-size: 14pt;\"><span style=\"font-size: 14pt;\">Data publikacji strony internetowej: <time id=\"a11y-data-publikacja\" datetime=\"2020-01-30\">2020-01-30<\/time><\/span><\/span><\/li>\n<li><span style=\"font-size: 14pt;\"><span style=\"font-size: 14pt;\">Data ostatniej istotnej aktualizacji: <time id=\"a11y-data-aktualizacja\" datetime=\"2024-11-12\">2024-11-12<\/time><\/span><\/span><\/li>\n<\/ul>\n<h2><strong><span style=\"font-size: 24pt;\">Status pod wzgl\u0119dem zgodno\u015bci z ustaw\u0105<\/span><\/strong><\/h2>\n<p><span style=\"font-size: 14pt;\">Strona internetowa jest <strong id=\"a11y-status\">cz\u0119\u015bciowo zgodna<\/strong> z&nbsp;ustaw\u0105 o&nbsp;dost\u0119pno\u015bci cyfrowej stron internetowych i&nbsp;aplikacji mobilnych podmiot\u00f3w publicznych z powodu niezgodno\u015bci lub wy\u0142\u0105cze\u0144 wymienionych poni\u017cej.<\/span><\/p>\n<h3><strong><span style=\"font-size: 18pt;\">Tre\u015bci niedost\u0119pne<\/span><\/strong><\/h3>\n<ul>\n<li><span style=\"font-size: 14pt;\">opublikowane zdj\u0119cia i&nbsp;grafiki nie&nbsp;posiadaj\u0105 opisu alternatywnego,<\/span><\/li>\n<li><span style=\"font-size: 14pt;\">brak audiodeskrypcji dla materia\u0142\u00f3w multimedialnych,<\/span><\/li>\n<li><span style=\"font-size: 14pt;\">cz\u0119\u015b\u0107 dokument\u00f3w nie posiada prawid\u0142owo wyedytowanej warstwy tekstowej zgodnej z zasadami formatowania tekstu z zakresu \u201edobrych praktyk redaktorskich\u201d (wielkie litery, kolorowe czcionki, zbyt ma\u0142y kontrast),<\/span><\/li>\n<li><span style=\"font-size: 14pt;\">brak odpowiedniej struktury nag\u0142\u00f3wkowej artyku\u0142\u00f3w,<\/span><\/li>\n<li><span style=\"font-size: 14pt;\">niekt\u00f3re funkcjonalno\u015bci posiadaj\u0105 drobne b\u0142\u0119dy programistyczne, na obecn\u0105 chwil\u0119, niemo\u017cliwe do poprawy bez zewn\u0119trznej ingerencji programistycznej<\/span><\/li>\n<\/ul>\n<h3><strong><span style=\"font-size: 18pt;\">Przygotowanie deklaracji w sprawie dost\u0119pno\u015bci<\/span><\/strong><\/h3>\n<ul>\n<li><span style=\"font-size: 14pt;\"><span style=\"font-size: 14pt;\">Deklaracj\u0119 sporz\u0105dzono dnia: <time id=\"a11y-data-sporzadzenie\" datetime=\"2020-09-17\">2020-09-17<\/time><\/span><\/span><\/li>\n<li><span style=\"font-size: 14pt;\">Deklaracj\u0119 sporz\u0105dzono na podstawie samooceny.<\/span><\/li>\n<li><span style=\"font-size: 14pt;\">Deklaracja zosta\u0142a poddana przegl\u0105dowi i aktualizacji dnia: <time id=\"a11y-data-deklaracja-przeglad\" datetime=\"2022-03-28\">2025-03-24<\/time><\/span><\/li>\n<\/ul>\n<h2 id=\"a11y-kontakt\"><strong><span style=\"font-size: 24pt;\">Informacje zwrotne i dane kontaktowe<\/span><\/strong><\/h2>\n<ul>\n<li><span style=\"font-size: 14pt;\">Za rozpatrywanie uwag i wniosk\u00f3w odpowiada: Oksana Majchrowicz<br \/>\n<\/span><\/li>\n<li><span style=\"font-size: 14pt;\">E-mail: sekretariat.p048@wroclawskaedukacja.pl<br \/>\n<\/span><\/li>\n<li><span style=\"font-size: 14pt;\">Telefon: 71 798 67 92<br \/>\n<\/span><\/li>\n<\/ul>\n<p><span style=\"font-size: 14pt;\">T\u0105 sam\u0105 drog\u0105 mo\u017cna sk\u0142ada\u0107 wnioski o udost\u0119pnienie informacji niedost\u0119pnej oraz sk\u0142ada\u0107 \u017c\u0105dania zapewnienia dost\u0119pno\u015bci<\/span><\/p>\n<p id=\"a11y-procedura\"><span style=\"font-size: 14pt;\">Ka\u017cdy ma prawo:<\/span><\/p>\n<ul>\n<li><span style=\"font-size: 14pt;\">zg\u0142osi\u0107 uwagi dotycz\u0105ce dost\u0119pno\u015bci cyfrowej strony lub jej elementu,<\/span><\/li>\n<li><span style=\"font-size: 14pt;\">zg\u0142osi\u0107 \u017c\u0105danie zapewnienia dost\u0119pno\u015bci cyfrowej strony lub jej elementu,<\/span><\/li>\n<li><span style=\"font-size: 14pt;\">wnioskowa\u0107 o udost\u0119pnienie niedost\u0119pnej informacji w innej alternatywnej formie.<\/span><\/li>\n<\/ul>\n<p><span style=\"font-size: 14pt;\">\u017b\u0105danie musi zawiera\u0107:<\/span><\/p>\n<ul>\n<li><span style=\"font-size: 14pt;\">dane kontaktowe osoby zg\u0142aszaj\u0105cej,<\/span><\/li>\n<li><span style=\"font-size: 14pt;\">wskazanie strony lub elementu strony, kt\u00f3rej dotyczy \u017c\u0105danie,<\/span><\/li>\n<li><span style=\"font-size: 14pt;\">wskazanie dogodnej formy udost\u0119pnienia informacji, je\u015bli \u017c\u0105danie dotyczy udost\u0119pnienia w formie alternatywnej informacji niedost\u0119pnej.<\/span><\/li>\n<\/ul>\n<p><span style=\"font-size: 14pt;\">Rozpatrzenie zg\u0142oszenia powinno nast\u0105pi\u0107 niezw\u0142ocznie, najp\u00f3\u017aniej w ci\u0105gu 7 dni. Je\u015bli w tym terminie zapewnienie dost\u0119pno\u015bci albo zapewnienie dost\u0119pu w alternatywnej formie nie jest mo\u017cliwe, powinno nast\u0105pi\u0107 najdalej w ci\u0105gu 2 miesi\u0119cy od daty zg\u0142oszenia.<\/span><\/p>\n<h3><strong><span style=\"font-size: 18pt;\">Skargi i odwo\u0142ania<\/span><\/strong><\/h3>\n<p><span style=\"font-size: 14pt;\">Na niedotrzymanie tych termin\u00f3w oraz na odmow\u0119 realizacji \u017c\u0105dania mo\u017cna z\u0142o\u017cy\u0107 skarg\u0119 do organu nadzoruj\u0105cego poczt\u0105 lub drog\u0105 elektroniczn\u0105 na adres:<\/span><\/p>\n<ul>\n<li><span style=\"font-size: 14pt;\">Organ nadzoruj\u0105cy: Dyrektor Przedszkola nr 48 we Wroc\u0142awiu<\/span><\/li>\n<li><span style=\"font-size: 14pt;\">Adres: ul. Kazimierza Bartla 3<\/span><br \/>\n<span style=\"font-size: 14pt;\">51-618 Wroc\u0142aw<\/span><\/li>\n<li><span style=\"font-size: 14pt;\">E-mail: sekretariat.p048@wroclawskaedukacja.pl<br \/>\n<\/span><\/li>\n<li><span style=\"font-size: 14pt;\">Telefon: <span id=\"a11y-telefon\">71 798 67 92<br \/>\n<\/span><\/span><\/li>\n<\/ul>\n<p><span style=\"font-size: 14pt;\">Skarg\u0119 mo\u017cna z\u0142o\u017cy\u0107 r\u00f3wnie\u017c do <a href=\"https:\/\/www.rpo.gov.pl\/content\/jak-zglosic-sie-do-rzecznika-praw-obywatelskich\">Rzecznika Praw Obywatelskich<\/a>.<\/span><\/p>\n<h2 id=\"a11y-architektura\"><strong><span style=\"font-size: 24pt;\">Dost\u0119pno\u015b\u0107 architektoniczna<\/span><\/strong><\/h2>\n<ul>\n<li><span style=\"font-size: 14pt;\"><b>Opis dost\u0119pno\u015bci wej\u015bcia do&nbsp;budynku i&nbsp;przechodzenie przez obszar kontroli.<\/b><\/span><br \/>\n<span style=\"font-size: 14pt;\">Przedszkole nr 48&nbsp;mie\u015bci si\u0119 w jednym budynku, przy ul. Kazimierza Bartla 3,&nbsp;na&nbsp;osiedlu Szczytnik. Budynek pochodzi z&nbsp;1956 roku, na&nbsp;potrzeby plac\u00f3wki o\u015bwiatowej zosta\u0142 dostosowany w latach 50. Do&nbsp;wej\u015bcia g\u0142\u00f3wnego prowadz\u0105 schody z&nbsp;por\u0119cz\u0105, brak jest podjazdu dla w\u00f3zk\u00f3w inwalidzkich oraz windy.<\/span><\/li>\n<li><span style=\"font-size: 14pt;\"><b>Opis dost\u0119pno\u015bci korytarzy, schod\u00f3w i&nbsp;wind.<\/b><\/span><br \/>\n<span style=\"font-size: 14pt;\">W budynku znajduj\u0105 si\u0119 strome schody prowadz\u0105ce na&nbsp;1 pi\u0119tro i&nbsp;poddasze. Schody zabezpieczone s\u0105 por\u0119cz\u0105. Brak jest windy, podno\u015bnik\u00f3w i&nbsp;innej infrastruktury umo\u017cliwiaj\u0105cej poruszanie si\u0119 po&nbsp;schodach osobom niepe\u0142nosprawnym.<\/span><\/li>\n<li><span style=\"font-size: 14pt;\"><b>Opis dostosowa\u0144, na&nbsp;przyk\u0142ad pochylni, platform, informacji g\u0142osowych, p\u0119tlach indukcyjnych<\/b><\/span><br \/>\n<span style=\"font-size: 14pt;\">W budynku przedszkola&nbsp; nie ma zamontowanych platform, informacji g\u0142osowych, p\u0119tli indukcyjnych.&nbsp;<\/span><\/li>\n<li><span style=\"font-size: 14pt;\"><b>Informacje o&nbsp;miejscu i&nbsp;sposobie korzystania z&nbsp;miejsc parkingowych wyznaczonych dla os\u00f3b niepe\u0142nosprawnych<\/b><\/span><br \/>\n<span style=\"font-size: 14pt;\">Budynek nie dysponuje parkingiem, nie ma miejsc parkingowych dla os\u00f3b niepe\u0142nosprawnych. Przy ul. Kazimierza Bartla 3 &nbsp;jest tylko wyznaczony odcinek jezdni umo\u017cliwiaj\u0105cy zatrzymanie samochodu nie d\u0142u\u017cej ni\u017c 15&nbsp;minut dla os\u00f3b przywo\u017c\u0105cych dzieci do&nbsp;przedszkola.<\/span><\/li>\n<li><span style=\"font-size: 14pt;\"><b>Informacja o&nbsp;prawie wst\u0119pu z&nbsp;psem asystuj\u0105cym i&nbsp;ewentualnych uzasadnionych ograniczeniach<\/b><\/span><br \/>\n<span style=\"font-size: 14pt;\">W wyj\u0105tkowych przypadkach istnieje mo\u017cliwo\u015b\u0107 wej\u015bcia z&nbsp;psem asystuj\u0105cym &#8211; przy zachowaniu wszystkich \u015brodk\u00f3w ostro\u017cno\u015bci.<\/span><\/li>\n<li><span style=\"font-size: 14pt;\"><b>Informacja o&nbsp;mo\u017cliwo\u015bci skorzystania z&nbsp;t\u0142umacza&nbsp;&nbsp; j\u0119zyka migowego na&nbsp;miejscu&nbsp;&nbsp; lub online.&nbsp; W przypadku braku takiej mo\u017cliwo\u015bci, tak\u0105 informacj\u0105 nale\u017cy zawrze\u0107.<\/b><\/span><br \/>\n<span style=\"font-size: 14pt;\">Nie ma mo\u017cliwo\u015bci skorzystania z&nbsp;t\u0142umacza j\u0119zyka migowego na&nbsp;miejscu lub online.<\/span><\/li>\n<li><span style=\"font-size: 14pt;\">Budynek nie jest dostosowany do os\u00f3b niepe\u0142nosprawnych<\/span><\/li>\n<\/ul>\n<h3><strong><span style=\"font-size: 18pt;\">Udogodnienia<\/span><\/strong><\/h3>\n<ul>\n<li><span style=\"font-size: 14pt;\">Domy\u015ble skr\u00f3ty klawiszowe przegl\u0105darek internetowych<\/span><\/li>\n<li><span style=\"font-size: 14pt;\">Prze\u0142\u0105cznik kontrastowy, zmiany wielko\u015bci tekstu<br \/>\n<\/span><\/li>\n<\/ul>\n<p>&nbsp;[\/vc_column_text][\/vc_column][\/vc_row]<\/p>\n<\/div>","protected":false},"excerpt":{"rendered":"<p>[vc_row css=&#8221;.vc_custom_1732617927704{margin-top: -80px !important;}&#8221;][vc_column width=&#8221;3\/4&#8243;][\/vc_column][vc_column width=&#8221;1\/4&#8243;][vc_icon icon_fontawesome=&#8221;far fa-file-alt&#8221; color=&#8221;mulled_wine&#8221; background_style=&#8221;rounded-outline&#8221; background_color=&#8221;mulled_wine&#8221; size=&#8221;lg&#8221; align=&#8221;center&#8221; css=&#8221;.vc_custom_1732618526162{margin-bottom: 0px !important;}&#8221; link=&#8221;url:%2Fwp-content%2Fuploads%2Fsites%2F21%2F2024%2F11%2Fraport_o_dostepnosci_P-48.pdf|target:_blank&#8221;][vc_column_text css=&#8221;.vc_custom_1732618025923{margin-bottom: 0px !important;}&#8221;] Raport o dost\u0119pno\u015bci [\/vc_column_text][\/vc_column][\/vc_row][vc_row][vc_column][vc_column_text css=&#8221;&#8221;] Deklaracja dost\u0119pno\u015bci Przedszkola nr 48 [&hellip;]<\/p>\n","protected":false},"author":7,"featured_media":0,"parent":0,"menu_order":0,"comment_status":"closed","ping_status":"closed","template":"","meta":{"ngg_post_thumbnail":0,"footnotes":""},"class_list":["post-510","page","type-page","status-publish","hentry","clearfix"],"_links":{"self":[{"href":"https:\/\/przedszkole48.edu.wroclaw.pl\/index.php\/wp-json\/wp\/v2\/pages\/510","targetHints":{"allow":["GET"]}}],"collection":[{"href":"https:\/\/przedszkole48.edu.wroclaw.pl\/index.php\/wp-json\/wp\/v2\/pages"}],"about":[{"href":"https:\/\/przedszkole48.edu.wroclaw.pl\/index.php\/wp-json\/wp\/v2\/types\/page"}],"author":[{"embeddable":true,"href":"https:\/\/przedszkole48.edu.wroclaw.pl\/index.php\/wp-json\/wp\/v2\/users\/7"}],"replies":[{"embeddable":true,"href":"https:\/\/przedszkole48.edu.wroclaw.pl\/index.php\/wp-json\/wp\/v2\/comments?post=510"}],"version-history":[{"count":12,"href":"https:\/\/przedszkole48.edu.wroclaw.pl\/index.php\/wp-json\/wp\/v2\/pages\/510\/revisions"}],"predecessor-version":[{"id":661,"href":"https:\/\/przedszkole48.edu.wroclaw.pl\/index.php\/wp-json\/wp\/v2\/pages\/510\/revisions\/661"}],"wp:attachment":[{"href":"https:\/\/przedszkole48.edu.wroclaw.pl\/index.php\/wp-json\/wp\/v2\/media?parent=510"}],"curies":[{"name":"wp","href":"https:\/\/api.w.org\/{rel}","templated":true}]}}