
{"id":470,"date":"2024-11-15T11:36:26","date_gmt":"2024-11-15T10:36:26","guid":{"rendered":"https:\/\/przedszkole48.edu.wroclaw.pl\/?page_id=470"},"modified":"2024-11-27T11:55:14","modified_gmt":"2024-11-27T10:55:14","slug":"j-angielski","status":"publish","type":"page","link":"https:\/\/przedszkole48.edu.wroclaw.pl\/index.php\/j-angielski\/","title":{"rendered":"J\u0119zyk angielski"},"content":{"rendered":"<div class=\"wpb-content-wrapper\"><p>[vc_row][vc_column][vc_tta_tour][vc_tta_section title=&#8221;English is fun&#8221; tab_id=&#8221;1731667035161-fe19b455-5691&#8243;][vc_column_text css=&#8221;&#8221;]<\/p>\n<h2 style=\"text-align: center;\">English is fun<\/h2>\n<p><img loading=\"lazy\" decoding=\"async\" class=\"alignnone size-medium wp-image-473 aligncenter\" src=\"https:\/\/przedszkole48.edu.wroclaw.pl\/wp-content\/uploads\/sites\/21\/2024\/11\/Flag_of_the_United_Kingdom-300x165.gif\" alt=\"\" width=\"300\" height=\"165\"><\/p>\n<p>Zaj\u0119cia z&nbsp;j\u0119zyka angielskiego prowadzone s\u0105 w oparciu o&nbsp;autorski&nbsp; program nauczania j\u0119zyka angielskiego \u201eZabawy z&nbsp;Angielskim&#8221; (autorstwa Ma\u0142gorzaty Stra\u017cewskiej) dla dzieci w wieku przedszkolnym ( 3 &#8211; 6 lat). Celem programu jest&nbsp;wprowadzenie najm\u0142odszych w \u015bwiat nauki j\u0119zyka angielskiego poprzez aktywn\u0105 zabaw\u0119, po\u0142\u0105czon\u0105 z&nbsp;ruchem oraz atrakcyjne piosenki, rymowanki i&nbsp;historyjki.&nbsp;Rozbudzanie wiary we w\u0142asne mo\u017cliwo\u015bci i&nbsp;umiej\u0119tno\u015bci oraz zaciekawienie ma\u0142ych dzieci nauk\u0105 j\u0119zyka obcego, aby w przysz\u0142o\u015bci nauka angielskiego przynosi\u0142a im lepsze efekty.<\/p>\n<p style=\"text-align: center;\">Zaj\u0119cia odbywaj\u0105 si\u0119 we wszystkich grupach dwa razy w tygodniu we wtorki i czwartki.<\/p>\n<p style=\"text-align: center;\">Zaj\u0119cia w grupie: <strong>ZUCH\u00d3W, <\/strong><strong>ODKRYWC\u00d3W<\/strong>, <strong>BYSTRZAK\u00d3W <\/strong><strong>KONSTRUKTOR\u00d3W<\/strong><\/p>\n<p style=\"text-align: center;\">prowadzi pani Anna Rutkowska &#8211; Krowisz.<\/p>\n<h3 style=\"text-align: left;\">Zamierzenia wychowawczo-dydaktyczne &#8211; wrzesie\u0144 2024 &#8211; stycze\u0144 2025<\/h3>\n<ul>\n<li>Reaguje na polecenia nauczyciela wydawane w j\u0119zyku angielskim<\/li>\n<li>\u015apiewa piosenki i ilustruje j\u0105 ruchem<\/li>\n<li>Poznaje s\u0142ownictwo tematyczne<\/li>\n<\/ul>\n<h4>Tematy:<\/h4>\n<h5 style=\"text-align: center;\">Wrzesie\u0144<\/h5>\n<p style=\"text-align: center;\">Witamy wszystkich \/ Hello everybody<\/p>\n<ul>\n<li>Potrafi przywita\u0107 si\u0119 i po\u017cegna\u0107 w j\u0119zyku angielskim<\/li>\n<li>Okre\u015bla swoje samopoczucie (great, good, wonderful, tired, not so good)<\/li>\n<\/ul>\n<p>&nbsp;<\/p>\n<h5 style=\"text-align: center;\">Pa\u017adziernik<\/h5>\n<p style=\"text-align: center;\">Jesie\u0144 \/ Autumn<\/p>\n<ul>\n<li>Nazywa kolory (grupy m\u0142odsze 4, grupy strasze 8<\/li>\n<li>Okre\u015bla pogod\u0119 (sunny, rainy, windy, cloudy, snowy; hot, cold)<\/li>\n<\/ul>\n<p>&nbsp;<\/p>\n<h5 style=\"text-align: center;\">Listopad<\/h5>\n<p style=\"text-align: center;\">Jedzenie \/ Food<\/p>\n<ul>\n<li>Potrafi policzy\u0107 w zakresie: 5 grupy m\u0142odsze, 20 grupy strasze<\/li>\n<li>Wymienia podstawowe nazwy zwi\u0105zane z jedzeniem<\/li>\n<\/ul>\n<p>&nbsp;<\/p>\n<h5 style=\"text-align: center;\">Grudzie\u0144<\/h5>\n<p style=\"text-align: center;\">Bo\u017ce Narodzenie \/ Christmas<\/p>\n<ul>\n<li>Potrafi za\u015bpiewa\u0107 kol\u0119d\u0119<\/li>\n<li>Nazywa podstawowe czynno\u015bci ruchowe<\/li>\n<\/ul>\n<p>&nbsp;<\/p>\n<h5 style=\"text-align: center;\">Stycze\u0144<\/h5>\n<p style=\"text-align: center;\">Rodzina i pojazdy \/ My family and vehicles<\/p>\n<ul>\n<li>Nazywa cz\u0142onk\u00f3w rodziny<\/li>\n<li>Wymienia podstawowe nazwy pojazd\u00f3w<\/li>\n<\/ul>\n<p>&nbsp;[\/vc_column_text][\/vc_tta_section][vc_tta_section title=&#8221;Grupa I i II&#8221; tab_id=&#8221;1731667035171-1096d2b9-c0ab&#8221;][vc_column_text css=&#8221;&#8221;]<\/p>\n<h2 style=\"text-align: center;\" data-sgid=\"text4_SubpageHeading_1\">Grupa I i II<\/h2>\n<p style=\"text-align: center;\"><b><strong>S\u0141OWNICZEK &#8211; CZYLI CO JU\u017b UMIEMY ? ?&nbsp;<\/strong><\/b>&nbsp;&nbsp;<\/p>\n<h3 style=\"text-align: center;\"><b><strong><img loading=\"lazy\" decoding=\"async\" class=\"size-full wp-image-479 aligncenter\" src=\"https:\/\/przedszkole48.edu.wroclaw.pl\/wp-content\/uploads\/sites\/21\/2024\/11\/ifx4031d6dc1dfefd62_eduresized_ang_obrazek.jpg\" alt=\"\" width=\"300\" height=\"177\"><\/strong><\/b><\/h3>\n<h3 style=\"text-align: center;\">KWIECIE\u0143<\/h3>\n<h3 style=\"text-align: center;\"><b><strong>Temat: Farm animals<\/strong><\/b><\/h3>\n<h3 style=\"text-align: center;\"><b><strong><img loading=\"lazy\" decoding=\"async\" class=\"size-medium wp-image-476 aligncenter\" src=\"https:\/\/przedszkole48.edu.wroclaw.pl\/wp-content\/uploads\/sites\/21\/2024\/11\/43f55c4b7f45179af31829a4d281245fb6699157.png\" alt=\"\" width=\"161\" height=\"168\"><\/strong><\/b><\/h3>\n<p>&nbsp;<\/p>\n<h4>S\u0142ownictwo:<\/h4>\n<p>Farm animals \u2013 zwierz\u0119ta hodowlane, cat \u2013 kot, dog \u2013 pies, horse \u2013 ko\u0144, cow \u2013 krowa, sheep \u2013 owca, &nbsp;pig \u2013 \u015bwinka, chicken \u2013 kurczak, rabbit \u2013 kr\u00f3lik, hamster \u2013 chomik, mouse \u2013 mysz, goldfish \u2013 z\u0142ota rybka.<\/p>\n<h4>Piosenki:<\/h4>\n<div>\n<ol>\n<li id=\"\">I Have A&nbsp;Pet | Animal Song | Super Simple Songs<\/li>\n<li>Do You Have A&nbsp;Pet? | Wormhole English &#8211; Songs For Kids<\/li>\n<li>The Farmer In The&nbsp;Dell | Kids Songs | Super Simple Songs<\/li>\n<li>Who Took The&nbsp;Cookie? (Farm Animals Version) | Kids Songs | Super Simple Songs<\/li>\n<li>Old MacDonald Song | Farm Animal Songs For Kids| BabaSharo TV | Nursery Rhymes &amp; Kids Song<\/li>\n<\/ol>\n<\/div>\n<h3 style=\"text-align: center;\"><b><strong>MARZEC<\/strong><\/b><\/h3>\n<h3 style=\"text-align: center;\"><b><strong>Temat: Weather and clothes<br \/>\n<\/strong><\/b><\/h3>\n<p style=\"text-align: center;\"><img loading=\"lazy\" decoding=\"async\" class=\"size-medium wp-image-478 aligncenter\" src=\"https:\/\/przedszkole48.edu.wroclaw.pl\/wp-content\/uploads\/sites\/21\/2024\/11\/e7c591f4f932a34a7cdece37f914bdc23389635f-300x199.png\" alt=\"\" width=\"300\" height=\"199\" srcset=\"https:\/\/przedszkole48.edu.wroclaw.pl\/wp-content\/uploads\/sites\/21\/2024\/11\/e7c591f4f932a34a7cdece37f914bdc23389635f-300x199.png 300w, https:\/\/przedszkole48.edu.wroclaw.pl\/wp-content\/uploads\/sites\/21\/2024\/11\/e7c591f4f932a34a7cdece37f914bdc23389635f.png 348w\" sizes=\"auto, (max-width: 300px) 100vw, 300px\" \/><\/p>\n<h4 style=\"text-align: left;\">S\u0142ownictwo&nbsp;<b><strong>weather<\/strong><\/b>:<\/h4>\n<p class=\"\"><span id=\"\">sunny \u2013 s\u0142onecznie, &nbsp;&nbsp; rainy \u2013 deszczowo, windy \u2013 wietrznie,<\/span><\/p>\n<p class=\"\">cloudy \u2013 pochmurnie,&nbsp;snowy \u2013 \u015bnie\u017cny, hot \u2013 gor\u0105co, cold &#8211; zimno<\/p>\n<p class=\"\">S\u0142ownictwo&nbsp;<b>clothes<\/b><\/p>\n<p class=\"\">put on&nbsp;\u2013 ubierz, shoes \u2013 buty, jacket \u2013 kurtka, scarf \u2013 szalik, hat \u2013 kapelusz, t-shirt \u2013 koszulka,<\/p>\n<p class=\"\"><span id=\"\">pants \u2013 spodnie, shirt \u2013 koszula, socks \u2013 skarpety, hurry up \u2013 pospiesz si\u0119<\/span><\/p>\n<h4><strong>Piosenki:<\/strong><\/h4>\n<ol>\n<li>How&#8217;s the weather? | Lywann Shu<\/li>\n<li>The weather song | Happy, hoppy | English for children<\/li>\n<li>How;s the weather? | Super Simple Song<\/li>\n<li>Put on your shoes | Clothing Song for Kids<\/li>\n<li>This is the way we get dressed | Kids Song | Super Simple Song<\/li>\n<\/ol>\n<h3 style=\"text-align: center;\"><strong>LUTY<\/strong><\/h3>\n<h3 style=\"text-align: center;\"><b>Temat: Toys<\/b><\/h3>\n<h4 style=\"text-align: left;\"><strong><img loading=\"lazy\" decoding=\"async\" class=\"size-full wp-image-477 aligncenter\" src=\"https:\/\/przedszkole48.edu.wroclaw.pl\/wp-content\/uploads\/sites\/21\/2024\/11\/ba625b1a86b24485afdcf8558d4744383f272c8a.png\" alt=\"\" width=\"172\" height=\"157\">S\u0142ownictwo: toys:<\/strong><\/h4>\n<p class=\"\">Ball \u2013 pi\u0142ka, doll \u2013 lalka, robot \u2013 robot,teddy bear \u2013 mi\u015b,&nbsp;train \u2013 poci\u0105g, balloon \u2013 balon,<\/p>\n<p class=\"\">bike \u2013 rower, block \u2013 klocek, truck \u2013 ci\u0119\u017car\u00f3wka,skate board &#8211; deskorolka.<\/p>\n<p class=\"\">Have \u2013 mie\u0107, like &#8211; lubi\u0107, play \u2013 bawi\u0107 si\u0119, &nbsp;throw \u2013 rzuca\u0107, catch \u2013 \u0142apa\u0107, clean up \u2013 sprz\u0105ta\u0107.<\/p>\n<h4><strong>Piosenki:<\/strong><\/h4>\n<ol>\n<li>My Teddy Bear | Super Simple Song<\/li>\n<li>Clean Up Song | Kids Song | Super Simple Song<\/li>\n<li>Toy | Word Songs | Word Power | Pinkfong Songs for Children<\/li>\n<li>My Toys song | Luis Castrol<\/li>\n<li>What Do You Have? Toys | Toys Song for Children | Fun Kids English<\/li>\n<li>My Toys song | English Children Nursery Rhymes Song&nbsp;<\/li>\n<\/ol>\n<h3 style=\"text-align: center;\"><b><strong>STYCZE\u0143<\/strong><\/b><\/h3>\n<h3 style=\"text-align: center;\"><b><strong>Temat: My family and vehicles<\/strong><\/b><\/h3>\n<p><img loading=\"lazy\" decoding=\"async\" class=\"alignnone size-medium wp-image-475 aligncenter\" src=\"https:\/\/przedszkole48.edu.wroclaw.pl\/wp-content\/uploads\/sites\/21\/2024\/11\/3d685b35ddaa5d176079fb95b9116125acd09e2b-300x170.png\" alt=\"\" width=\"300\" height=\"170\" srcset=\"https:\/\/przedszkole48.edu.wroclaw.pl\/wp-content\/uploads\/sites\/21\/2024\/11\/3d685b35ddaa5d176079fb95b9116125acd09e2b-300x170.png 300w, https:\/\/przedszkole48.edu.wroclaw.pl\/wp-content\/uploads\/sites\/21\/2024\/11\/3d685b35ddaa5d176079fb95b9116125acd09e2b.png 505w\" sizes=\"auto, (max-width: 300px) 100vw, 300px\" \/><\/p>\n<h4>S\u0142ownictwo&nbsp;<b><strong>my family<\/strong><\/b>:<\/h4>\n<p><i><em>my family &#8211; moja rodzina,&nbsp;&nbsp;<\/em><\/i><\/p>\n<p><i><em>father \/ daddy \u2013 tato, &nbsp;<\/em><\/i><\/p>\n<p><i><em>mother \/ mummy \u2013 mama,<\/em><\/i><\/p>\n<p><i><em>grandfather \/ granddad \u2013 dziadek,<\/em><\/i><\/p>\n<p><i><em>grandmother \/ grandma \u2013 babcia,<\/em><\/i><\/p>\n<p><i><em>brother \u2013 brat,<\/em><\/i><\/p>\n<p><i><em>sister \u2013 siostra,<\/em><\/i><\/p>\n<p><i><em>baby \u2013 dzidziu\u015b<\/em><\/i><\/p>\n<h4>S\u0142ownictwo&nbsp;<b><strong>vehicles<\/strong><\/b>:<\/h4>\n<p><i><em>car \u2013 samoch\u00f3d, bicycle \u2013 rower, bus \u2013 autobus, plane \u2013 samolot, train \u2013 poci\u0105g, drive \u2013 prowadzi\u0107, ride \u2013 jecha\u0107 (na rowerze), fast \u2013 szybki, slow &#8211; wolny&nbsp;<\/em><\/i><\/p>\n<h4>Piosenki:<\/h4>\n<ol>\n<li>Finger Family Collection | 7 Finger Family Songs &nbsp;| Daddy Finger Nursery Rhymes<\/li>\n<li>The family song &nbsp;| &nbsp;Lywann Shu<\/li>\n<li>We Are Family Song &nbsp;| &nbsp;My Family and ME! Acoustic Version &nbsp;| &nbsp;ELF Kids Videos<\/li>\n<li>Vehicles | Word Power | PINKFONG Songs for Children<\/li>\n<li>Driving In My Car | Kids Songs | Super Simple Songs<\/li>\n<li>Wheels on the Bus | CoComelon Nursery Rhymes &amp; Kids Songs<\/li>\n<\/ol>\n<p>[\/vc_column_text][\/vc_tta_section][vc_tta_section title=&#8221;Grupa III i IV&#8221; tab_id=&#8221;1731667370499-51dde231-b3bc&#8221;][vc_column_text css=&#8221;&#8221;]<\/p>\n<h2 id=\"text4_SubpageHeading_1\" class=\"skgd\" style=\"text-align: center;\" data-sgid=\"text4_SubpageHeading_1\">Grupa III i IV<\/h2>\n<div id=\"text4_Html_1\" class=\"skgd plainText\" data-sgid=\"text4_Html_1\">\n<p style=\"text-align: center;\"><strong>S\u0141OWNICZEK &#8211; CZYLI CO JU\u017b UMIEMY ? ?&nbsp;<\/strong><\/p>\n<\/div>\n<p><img loading=\"lazy\" decoding=\"async\" class=\"alignnone size-full wp-image-479 aligncenter\" src=\"https:\/\/przedszkole48.edu.wroclaw.pl\/wp-content\/uploads\/sites\/21\/2024\/11\/ifx4031d6dc1dfefd62_eduresized_ang_obrazek.jpg\" alt=\"\" width=\"300\" height=\"177\"><\/p>\n<hr>\n<h3 style=\"text-align: center;\"><b>MARZEC<\/b><\/h3>\n<h4 style=\"text-align: center;\">Tematyka : Wiosna<\/h4>\n<p><img loading=\"lazy\" decoding=\"async\" class=\"size-medium wp-image-485 aligncenter\" src=\"https:\/\/przedszkole48.edu.wroclaw.pl\/wp-content\/uploads\/sites\/21\/2024\/11\/ifx7428c72620e28553_eduresized_spring-1210194_1280-300x169.jpg\" alt=\"\" width=\"300\" height=\"169\" srcset=\"https:\/\/przedszkole48.edu.wroclaw.pl\/wp-content\/uploads\/sites\/21\/2024\/11\/ifx7428c72620e28553_eduresized_spring-1210194_1280-300x169.jpg 300w, https:\/\/przedszkole48.edu.wroclaw.pl\/wp-content\/uploads\/sites\/21\/2024\/11\/ifx7428c72620e28553_eduresized_spring-1210194_1280-1024x576.jpg 1024w, https:\/\/przedszkole48.edu.wroclaw.pl\/wp-content\/uploads\/sites\/21\/2024\/11\/ifx7428c72620e28553_eduresized_spring-1210194_1280-768x432.jpg 768w, https:\/\/przedszkole48.edu.wroclaw.pl\/wp-content\/uploads\/sites\/21\/2024\/11\/ifx7428c72620e28553_eduresized_spring-1210194_1280.jpg 1186w\" sizes=\"auto, (max-width: 300px) 100vw, 300px\" \/><\/p>\n<h4>S\u0142ownictwo:<\/h4>\n<p>wiosna &#8211; spring. li\u015b\u0107 &#8211; leaf, s\u0142o\u0144ce &#8211; sun, deszcz &#8211; rain, t\u0119cza &#8211; rainbow, parasolka &#8211; umbrella, kwiaty &#8211; flowers, ogr\u00f3d &#8211; garden, tulipan &#8211; tulip, przebi\u015bnieg &#8211; snowdrops. nasiona &#8211; seeds, sadzi\u0107 &#8211; planting seeds, podlewa\u0107 &#8211; watering, ptak &#8211; bird, bocian &#8211; stark, motyl &#8211; butterfly, biedronka &#8211; ladybird, \u017caba &#8211; frog, latawiec &#8211; kity, pi\u0142ka &#8211; ball&nbsp;<\/p>\n<h4><span lang=\"PL\">Piosenki:<\/span><\/h4>\n<ul>\n<li>Singing in the&nbsp;Rain Song&nbsp;\u266b&nbsp;Original Kids Version&nbsp;\u266b&nbsp;Kid Songs by The&nbsp;Learning Station\u201d<\/li>\n<li>\u201cBug&#8217;n Roll | Dance Along | Pinkfong Songs for Children\u201d<\/li>\n<li>\u201cSpring Songs for Children &#8211; Spring is Here with Lyrics &#8211; Kids Songs by The&nbsp;Learning Station\u201d<\/li>\n<li>\u201c5 Little Flowers Lyric Video &#8211; The&nbsp;Kiboomers Preschool Songs &amp; Nursery Rhymes\u201d<\/li>\n<li>\u201cSpringtime Dance! | Jack Hartmann\u201d<\/li>\n<li>\u201cI Love Spring Song &#8211; Funny Frog\u201d<\/li>\n<\/ul>\n<hr>\n<h3 style=\"text-align: center;\"><b>LUTY<\/b><\/h3>\n<h4 style=\"text-align: center;\">Tematyka : Zima<\/h4>\n<p><img loading=\"lazy\" decoding=\"async\" class=\"alignnone size-medium wp-image-482 aligncenter\" src=\"https:\/\/przedszkole48.edu.wroclaw.pl\/wp-content\/uploads\/sites\/21\/2024\/11\/ifx853741552ae6bb9f_eduresized_360_F_298032209_YD4pFLDyzMyqBzso5xF5USR-300x165.jpg\" alt=\"\" width=\"300\" height=\"165\" srcset=\"https:\/\/przedszkole48.edu.wroclaw.pl\/wp-content\/uploads\/sites\/21\/2024\/11\/ifx853741552ae6bb9f_eduresized_360_F_298032209_YD4pFLDyzMyqBzso5xF5USR-300x165.jpg 300w, https:\/\/przedszkole48.edu.wroclaw.pl\/wp-content\/uploads\/sites\/21\/2024\/11\/ifx853741552ae6bb9f_eduresized_360_F_298032209_YD4pFLDyzMyqBzso5xF5USR.jpg 654w\" sizes=\"auto, (max-width: 300px) 100vw, 300px\" \/><\/p>\n<h4>S\u0142ownictwo:<\/h4>\n<p>zima &#8211; winter, buty &#8211; boots, skarpety &#8211; socks, kurtka &#8211; jacket, sweter &#8211; sweater, szalik &#8211; scarf, czapka &#8211; hat, sopel lodu &#8211; icicle, sanki &#8211; sled, jazda na&nbsp;\u0142y\u017cwach &#8211; ice skates, termometr &#8211; thermometr, \u015bnieg &#8211; snow, p\u0142atki \u015bniegu &#8211; snowflake,&nbsp;pingwin &#8211; penguin, zimno &#8211; cold, iglo &#8211; igloo, nied\u017awied\u017a polarny &#8211; polar bear<\/p>\n<h4><span lang=\"PL\">Piosenki:<\/span><\/h4>\n<p>&#8222;Winter Hokey Pokey Dance &#8211; The&nbsp;Kiboomers Preschool Songs for Circle Time &#8211; Clothes Vocabulary&#8221;<br \/>\n&#8222;Mittens Colors Lyric Video &#8211; The&nbsp;Kiboomers Preschool Songs &amp; Nursery Rhymes for Winter&#8221;<br \/>\n&#8222;Penguin Dance | Brain Breaks | Jack Hartmann&#8221;<br \/>\n&#8222;I&#8217;m A&nbsp;Little Snowman | Super Simple Songs | Winter Song For Kids&#8221;<\/p>\n<div class=\"WordSection1\">\n<hr>\n<\/div>\n<h3 style=\"text-align: center;\"><b>STYCZE\u0143<\/b><\/h3>\n<h4 style=\"text-align: center;\">Tematyka : Rodzina<\/h4>\n<p><img loading=\"lazy\" decoding=\"async\" class=\"alignnone size-medium wp-image-484 aligncenter\" src=\"https:\/\/przedszkole48.edu.wroclaw.pl\/wp-content\/uploads\/sites\/21\/2024\/11\/ifx51bfc8490ddd01d2_eduresized_1600px_COLOURBOX22567806-300x300.jpg\" alt=\"\" width=\"300\" height=\"300\" srcset=\"https:\/\/przedszkole48.edu.wroclaw.pl\/wp-content\/uploads\/sites\/21\/2024\/11\/ifx51bfc8490ddd01d2_eduresized_1600px_COLOURBOX22567806-300x300.jpg 300w, https:\/\/przedszkole48.edu.wroclaw.pl\/wp-content\/uploads\/sites\/21\/2024\/11\/ifx51bfc8490ddd01d2_eduresized_1600px_COLOURBOX22567806-1024x1024.jpg 1024w, https:\/\/przedszkole48.edu.wroclaw.pl\/wp-content\/uploads\/sites\/21\/2024\/11\/ifx51bfc8490ddd01d2_eduresized_1600px_COLOURBOX22567806-150x150.jpg 150w, https:\/\/przedszkole48.edu.wroclaw.pl\/wp-content\/uploads\/sites\/21\/2024\/11\/ifx51bfc8490ddd01d2_eduresized_1600px_COLOURBOX22567806-768x768.jpg 768w, https:\/\/przedszkole48.edu.wroclaw.pl\/wp-content\/uploads\/sites\/21\/2024\/11\/ifx51bfc8490ddd01d2_eduresized_1600px_COLOURBOX22567806-1536x1536.jpg 1536w, https:\/\/przedszkole48.edu.wroclaw.pl\/wp-content\/uploads\/sites\/21\/2024\/11\/ifx51bfc8490ddd01d2_eduresized_1600px_COLOURBOX22567806.jpg 1600w\" sizes=\"auto, (max-width: 300px) 100vw, 300px\" \/><\/p>\n<h4>S\u0142ownictwo:<\/h4>\n<p>rodzina &#8211; family, mama &#8211; mother, tata &#8211; father, syn &#8211; son, c\u00f3rka &#8211; daughter, siostra &#8211; sister, brat &#8211; brother, babcia &#8211; grandmother, dziadek &#8211; grandfather, ciocia &#8211; aunt, wujek &#8211; uncle<\/p>\n<h4><span lang=\"PL\">Piosenki:<\/span><\/h4>\n<p>&#8222;The Finger Family (Daddy Finger) &#8211; Original Version | Family Sing Along &#8211; Muffin Songs&#8221;<br \/>\n&#8222;Three Bears | Family Sing Along &#8211; Muffin Songs&#8221;<br \/>\n&#8222;Rain Rain Go Away | Super Simple Songs | Sesame Street Nursery Rhyme Week&#8221;<br \/>\n&#8222;Family song, Song to Teach Family members vocabulary&#8221;<\/p>\n<hr>\n<h3 style=\"text-align: center;\">GRUDZIE\u0143<\/h3>\n<h4 style=\"text-align: center;\">Tematyka : \u015awi\u0119ta Bo\u017cego Narodzenia<\/h4>\n<p><img loading=\"lazy\" decoding=\"async\" class=\"alignnone size-medium wp-image-483 aligncenter\" src=\"https:\/\/przedszkole48.edu.wroclaw.pl\/wp-content\/uploads\/sites\/21\/2024\/11\/ifxceda422be67acb7d_eduresized_merry_christmas-300x200.jpg\" alt=\"\" width=\"300\" height=\"200\" srcset=\"https:\/\/przedszkole48.edu.wroclaw.pl\/wp-content\/uploads\/sites\/21\/2024\/11\/ifxceda422be67acb7d_eduresized_merry_christmas-300x200.jpg 300w, https:\/\/przedszkole48.edu.wroclaw.pl\/wp-content\/uploads\/sites\/21\/2024\/11\/ifxceda422be67acb7d_eduresized_merry_christmas.jpg 312w\" sizes=\"auto, (max-width: 300px) 100vw, 300px\" \/><\/p>\n<h4>S\u0142ownictwo:<\/h4>\n<p>Christmas \u2013 Bo\u017ce Narodzenie,&nbsp;Christmas tree \u2013 choinka,&nbsp;Snowman \u2013 ba\u0142wan,&nbsp;Santa claus \u2013 \u015bwi\u0119ty Miko\u0142aj,&nbsp;<span lang=\"PL\">Fairy lights \u2013 \u015bwiate\u0142ka (na choink\u0119),&nbsp;Baubles \u2013 bombki,&nbsp;Star \u2013 gwiazdka,&nbsp;Bells \u2013 dzwoneczki,&nbsp;Snowflake \u2013 p\u0142atek \u015bniegu,&nbsp;Chimney \u2013 komin,&nbsp;Sleigh \u2013 sanie,&nbsp;Reindeer \u2013 renifer,&nbsp;Present \u2013 prezent,&nbsp;Christmas card \u2013 kartka \u015bwi\u0105teczna,&nbsp;Stocking \u2013 skarpeta.<\/span><\/p>\n<h4><span lang=\"PL\">Piosenki:<\/span><\/h4>\n<p>\u201cS-A-N-T-A | Super Simple Songs\u201d<br \/>\n\u201cJingle Bells | Super Simple Songs\u201d<br \/>\n\u201cWe Wish You A&nbsp;Merry Christmas | Super Simple Songs\u201d<br \/>\n\u201cMerry Twistmas Pinkfong | Christmas Dance | Dance Along | Pinkfong Songs for Children\u201d<br \/>\n\u201cSANTA Dance with Matt\u201d<br \/>\n\u201cHello, Reindeer | Children&#8217;s Christmas Song | Super Simple Songs\u201d<br \/>\n\u201cRing the&nbsp;Bell | Christmas Songs for Kids\u201d<br \/>\n\u201cCedarmont Kids &#8211; Silent Night, Holy Night\u201d<br \/>\n\u201cFive Little Elves | Christmas Song For Kids | Super Simple Songs\u201d<br \/>\n\u201cThe Night Before Christmas | Christmas Stories | PINKFONG Story Time for Children\u201d[\/vc_column_text][\/vc_tta_section][\/vc_tta_tour][\/vc_column][\/vc_row]<\/p>\n<\/div>","protected":false},"excerpt":{"rendered":"<p>[vc_row][vc_column][vc_tta_tour][vc_tta_section title=&#8221;English is fun&#8221; tab_id=&#8221;1731667035161-fe19b455-5691&#8243;][vc_column_text css=&#8221;&#8221;] English is fun Zaj\u0119cia z&nbsp;j\u0119zyka angielskiego prowadzone s\u0105 w oparciu o&nbsp;autorski&nbsp; program nauczania j\u0119zyka angielskiego \u201eZabawy z&nbsp;Angielskim&#8221; (autorstwa Ma\u0142gorzaty Stra\u017cewskiej) dla dzieci w wieku [&hellip;]<\/p>\n","protected":false},"author":7,"featured_media":0,"parent":0,"menu_order":0,"comment_status":"closed","ping_status":"closed","template":"","meta":{"ngg_post_thumbnail":0,"footnotes":""},"class_list":["post-470","page","type-page","status-publish","hentry","clearfix"],"_links":{"self":[{"href":"https:\/\/przedszkole48.edu.wroclaw.pl\/index.php\/wp-json\/wp\/v2\/pages\/470","targetHints":{"allow":["GET"]}}],"collection":[{"href":"https:\/\/przedszkole48.edu.wroclaw.pl\/index.php\/wp-json\/wp\/v2\/pages"}],"about":[{"href":"https:\/\/przedszkole48.edu.wroclaw.pl\/index.php\/wp-json\/wp\/v2\/types\/page"}],"author":[{"embeddable":true,"href":"https:\/\/przedszkole48.edu.wroclaw.pl\/index.php\/wp-json\/wp\/v2\/users\/7"}],"replies":[{"embeddable":true,"href":"https:\/\/przedszkole48.edu.wroclaw.pl\/index.php\/wp-json\/wp\/v2\/comments?post=470"}],"version-history":[{"count":6,"href":"https:\/\/przedszkole48.edu.wroclaw.pl\/index.php\/wp-json\/wp\/v2\/pages\/470\/revisions"}],"predecessor-version":[{"id":524,"href":"https:\/\/przedszkole48.edu.wroclaw.pl\/index.php\/wp-json\/wp\/v2\/pages\/470\/revisions\/524"}],"wp:attachment":[{"href":"https:\/\/przedszkole48.edu.wroclaw.pl\/index.php\/wp-json\/wp\/v2\/media?parent=470"}],"curies":[{"name":"wp","href":"https:\/\/api.w.org\/{rel}","templated":true}]}}