
{"id":368,"date":"2024-11-06T12:51:58","date_gmt":"2024-11-06T11:51:58","guid":{"rendered":"https:\/\/przedszkole48.edu.wroclaw.pl\/?page_id=368"},"modified":"2024-11-27T11:57:44","modified_gmt":"2024-11-27T10:57:44","slug":"standardy-ochrony-maloletnich","status":"publish","type":"page","link":"https:\/\/przedszkole48.edu.wroclaw.pl\/index.php\/standardy-ochrony-maloletnich\/","title":{"rendered":"Standardy ochrony ma\u0142oletnich"},"content":{"rendered":"<p><img loading=\"lazy\" decoding=\"async\" class=\"wp-image-370 alignnone\" src=\"https:\/\/przedszkole48.edu.wroclaw.pl\/wp-content\/uploads\/sites\/21\/2024\/11\/slide67-300x200.jpeg\" alt=\"\" width=\"312\" height=\"208\" srcset=\"https:\/\/przedszkole48.edu.wroclaw.pl\/wp-content\/uploads\/sites\/21\/2024\/11\/slide67-300x200.jpeg 300w, https:\/\/przedszkole48.edu.wroclaw.pl\/wp-content\/uploads\/sites\/21\/2024\/11\/slide67-1024x683.jpeg 1024w, https:\/\/przedszkole48.edu.wroclaw.pl\/wp-content\/uploads\/sites\/21\/2024\/11\/slide67-768x512.jpeg 768w, https:\/\/przedszkole48.edu.wroclaw.pl\/wp-content\/uploads\/sites\/21\/2024\/11\/slide67.jpeg 1200w\" sizes=\"auto, (max-width: 312px) 100vw, 312px\" \/><\/p>\n<ul>\n<li><a href=\"\/wp-content\/uploads\/sites\/21\/2024\/11\/Polityka_ochrony_dzieci_przed_krzywdzeniem-1.pdf\" target=\"_blank\" rel=\"noopener\">Standardy ochrony ma\u0142oletnich.pdf (280 KB)<\/a><\/li>\n<li><a href=\"\/wp-content\/uploads\/sites\/21\/2024\/11\/Zalaczniki_3_ochrona_praw_dziecka-1.pdf\" target=\"_blank\" rel=\"noopener\">za\u0142\u0105czniki.pdf (388 KB)<\/a><\/li>\n<\/ul>\n","protected":false},"excerpt":{"rendered":"<p>Standardy ochrony ma\u0142oletnich.pdf (280 KB) za\u0142\u0105czniki.pdf (388 KB)<\/p>\n","protected":false},"author":7,"featured_media":0,"parent":0,"menu_order":0,"comment_status":"closed","ping_status":"closed","template":"","meta":{"ngg_post_thumbnail":0,"footnotes":""},"class_list":["post-368","page","type-page","status-publish","hentry","clearfix"],"_links":{"self":[{"href":"https:\/\/przedszkole48.edu.wroclaw.pl\/index.php\/wp-json\/wp\/v2\/pages\/368","targetHints":{"allow":["GET"]}}],"collection":[{"href":"https:\/\/przedszkole48.edu.wroclaw.pl\/index.php\/wp-json\/wp\/v2\/pages"}],"about":[{"href":"https:\/\/przedszkole48.edu.wroclaw.pl\/index.php\/wp-json\/wp\/v2\/types\/page"}],"author":[{"embeddable":true,"href":"https:\/\/przedszkole48.edu.wroclaw.pl\/index.php\/wp-json\/wp\/v2\/users\/7"}],"replies":[{"embeddable":true,"href":"https:\/\/przedszkole48.edu.wroclaw.pl\/index.php\/wp-json\/wp\/v2\/comments?post=368"}],"version-history":[{"count":5,"href":"https:\/\/przedszkole48.edu.wroclaw.pl\/index.php\/wp-json\/wp\/v2\/pages\/368\/revisions"}],"predecessor-version":[{"id":380,"href":"https:\/\/przedszkole48.edu.wroclaw.pl\/index.php\/wp-json\/wp\/v2\/pages\/368\/revisions\/380"}],"wp:attachment":[{"href":"https:\/\/przedszkole48.edu.wroclaw.pl\/index.php\/wp-json\/wp\/v2\/media?parent=368"}],"curies":[{"name":"wp","href":"https:\/\/api.w.org\/{rel}","templated":true}]}}