
{"id":304,"date":"2024-10-03T12:41:22","date_gmt":"2024-10-03T10:41:22","guid":{"rendered":"https:\/\/przedszkole48.edu.wroclaw.pl\/?page_id=304"},"modified":"2024-11-27T11:57:19","modified_gmt":"2024-11-27T10:57:19","slug":"rodo","status":"publish","type":"page","link":"https:\/\/przedszkole48.edu.wroclaw.pl\/index.php\/rodo\/","title":{"rendered":"RODO"},"content":{"rendered":"<h2 style=\"text-align: center;\">Informacja<br \/>\nPrzedszkola Nr 48<br \/>\ndotycz\u0105ca przetwarzania danych osobowych<\/h2>\n<p>w zwi\u0105zku z&nbsp;Zarz\u0105dzeniem nr 2951\/20 Prezydenta Wroc\u0142awia z&nbsp;dnia 6 maja 2020 r. w sprawie wznowienia funkcjonowania przedszkoli i&nbsp;oddzia\u0142\u00f3w przedszkolnych w szko\u0142ach podstawowych w okresie stanu epidemii<\/p>\n<p>Przedszkole informuje, \u017ce w zwi\u0105zku z&nbsp;Zarz\u0105dzeniem nr 2951\/20 Prezydenta Wroc\u0142awia z&nbsp;dnia 6 maja 2020 r. w sprawie wznowienia funkcjonowania przedszkolii oddzia\u0142\u00f3w przedszkolnych w szko\u0142ach podstawowych w okresie stanu epidemii b\u0119dzie dodatkowo przetwarza\u0142o nast\u0119puj\u0105ce dane osobowe:<br \/>\ndane dotycz\u0105ce miejsca zatrudnienia rodzic\u00f3w dziecka;<br \/>\ndane dotycz\u0105ce stanu zdrowia dziecka \u2013 temperatura, objawy chorobowe;<br \/>\ninformacj\u0119 o&nbsp;osobach z&nbsp;najbli\u017cszej rodziny dziecka przebywaj\u0105cych na&nbsp;kwarantannie;<br \/>\nAdministratorem wskazanych powy\u017cej danych osobowych jest Przedszkole nr 48&nbsp;we Wroc\u0142awiu, dzia\u0142aj\u0105ce przez Dyrektora Przedszkola;<br \/>\nW przedszkolu zosta\u0142 powo\u0142any Inspektor Danych Osobowych, z&nbsp;kt\u00f3rym mo\u017cecie si\u0119 Pa\u0144stwo skontaktowa\u0107 listownie na&nbsp;adres przedszkola z&nbsp;dopiskiem Inspektor Ochrony Danych Osobowych lub mailowo kancelariaprawna.efficens@gmail.com<br \/>\nCel przetwarzania danych osobowych:<br \/>\nwykonanie obowi\u0105zk\u00f3w wynikaj\u0105cych z&nbsp;zarz\u0105dzenia nr 2951\/20 Prezydenta Wroc\u0142awia oraz ustawy z&nbsp;dnia 14&nbsp;grudnia 2016 r. Prawo O\u015bwiatowei rozporz\u0105dzenia Ministra Edukacji Narodowej z&nbsp;dnia 11&nbsp;marca 2020 r. w sprawie czasowego ograniczenia funkcjonowania jednostek systemu o\u015bwiaty w zwi\u0105zkuz zapobieganiem, przeciwdzia\u0142aniem i&nbsp;zwalczaniem COVID-19;<br \/>\nPodstawa prawna przetwarzania:<br \/>\nZarz\u0105dzenie nr 2951\/20 Prezydenta Wroc\u0142awia z&nbsp;dnia 6 maja 2020 r. w sprawie wznowienia funkcjonowania przedszkoli i&nbsp;oddzia\u0142\u00f3w przedszkolnych w szko\u0142ach podstawowych w okresie stanu epidemii<br \/>\nustawa z&nbsp;dnia 14&nbsp;grudnia 2016 r. Prawo o\u015bwiatowe (Dz. U. 2019r. poz. 1148 ze&nbsp;zm.);<br \/>\nrozporz\u0105dzenie Ministra Edukacji Narodowej z&nbsp;dnia 11&nbsp;marca 2020 r. w sprawie czasowego ograniczenia funkcjonowania jednostek systemu o\u015bwiaty w zwi\u0105zku z&nbsp;zapobieganiem, przeciwdzia\u0142aniem i&nbsp;zwalczaniem COVID-19 (Dz. U. 2020 r. poz. 410, 492, 595, 642, 742, 780, 781);<br \/>\nart. 6 ust. 1 lit c, d i&nbsp;e Rozporz\u0105dzenia Parlamentu Europejskiego i&nbsp;Rady (UE) 2016\/679 z&nbsp;dnia 27&nbsp;kwietnia 2016 r. w sprawie ochrony os\u00f3b fizycznych w zwi\u0105zku z&nbsp;przetwarzaniem danych osobowych i&nbsp;w sprawie swobodnego przep\u0142ywu takich danych oraz uchylenia dyrektywy 95\/46\/WE.<br \/>\nCzas przetwarzania danych osobowych: dane osobowe b\u0119d\u0105 przetwarzane przez czas obowi\u0105zywania stanu epidemii og\u0142oszonego rozporz\u0105dzeniem Ministra Zdrowia z&nbsp;dnia 20&nbsp;marca 2020 r. w sprawie og\u0142oszenia na&nbsp;obszarze Rzeczypospolitej Polskiej stanu epidemii (Dz.U. z&nbsp;2020 r., poz. 491)<br \/>\nOdbiorc\u0105 danych osobowych mog\u0105 by\u0107:<br \/>\nPrezydent Miasta Wroc\u0142awia;<br \/>\nWojewoda Dolno\u015bl\u0105ski<br \/>\nPowiatowy Inspektor Sanitarny we Wroc\u0142awiu.<br \/>\n&nbsp;<\/p>\n<h3 style=\"text-align: center;\">Informacja Przedszkola Nr 48&nbsp;dotycz\u0105ca przetwarzania danych osobowych<\/h3>\n<p>Administratorem danych osobowych jest Przedszkole nr 48 we Wroc\u0142awiu (51-618) przy ul. Kazimierza Bartla 3, dzia\u0142aj\u0105ce przez Dyrektora Przedszkola;<\/p>\n<p>W przedszkolu zosta\u0142 powo\u0142any Inspektor Ochrony Danych Osobowych (IOD) &#8211; \u0141ukasz Laskowski, z kt\u00f3rym mo\u017cecie si\u0119 Pa\u0144stwo skontaktowa\u0107 listownie na adres przedszkola z dopiskiem Inspektor&nbsp; &nbsp; &nbsp; &nbsp; Ochrony&nbsp; &nbsp; &nbsp; &nbsp; &nbsp;Danych&nbsp; &nbsp; &nbsp; &nbsp; &nbsp;Osobowych&nbsp; &nbsp; &nbsp; &nbsp; lub&nbsp; &nbsp; &nbsp; &nbsp;mailowo&nbsp; &nbsp; &nbsp;&nbsp;kancelariaprawna.efficens@gmail.com.&nbsp; &nbsp;Na Pa\u0144stwa pytania zostanie udzielona odpowied\u017a w terminie 14 dni od dnia otrzymania.<\/p>\n<p>Przedszkole nr 48 przetwarzaj\u0105c dane osobowe realizuje wszystkie obowi\u0105zki i wymagania wynikaj\u0105ce z Rozporz\u0105dzenia Parlamentu Europejskiego i Rady (UE) 2016\/679 z dnia 27 kwietnia 2016 r. w sprawie ochrony os\u00f3b fizycznych w zwi\u0105zku z przetwarzaniem danych osobowych i w sprawie swobodnego przep\u0142ywu takich danych oraz uchylenia dyrektywy 95\/46\/WE (Dz.U.UE.L.2016.119.1, dalej jako RODO).<\/p>\n<p>Cel przetwarzania danych osobowych:<\/p>\n<p style=\"padding-left: 40px;\">Realizacji zada\u0144 dydaktyczno \u2013 wychowawczo \u2013 opieku\u0144czych wynikaj\u0105cych z przepis\u00f3w prawa;<\/p>\n<p style=\"padding-left: 40px;\">Podejmowanie akcji edukacyjnych przedszkola oraz w celu promocji osi\u0105gni\u0119\u0107 i pozytywnego wizerunku przedszkola;<\/p>\n<p style=\"padding-left: 40px;\">rekrutacja dzieci do przedszkola;<\/p>\n<p style=\"padding-left: 40px;\">wykonanie ci\u0105\u017c\u0105cych na Administratorze obowi\u0105zk\u00f3w prawnych wynikaj\u0105cych z przepis\u00f3w prawa o\u015bwiatowego.<\/p>\n<p>Podstawa prawna przetwarzania:<\/p>\n<p style=\"padding-left: 40px;\">Ustawa z dnia 14 grudnia 2016 r. Prawo o\u015bwiatowe (Dz. U. 2017r. poz. 59 ze zm.);<\/p>\n<p style=\"padding-left: 40px;\">Rozporz\u0105dzenie Ministra Edukacji Narodowej z dnia 5 sierpnia 2017 r. w sprawie sposobu prowadzenia przez publiczne szko\u0142y i plac\u00f3wki dokumentacji przebiegu nauczania, dzia\u0142alno\u015bci wychowawczej i opieku\u0144czej oraz rodzaj\u00f3w tej dokumentacji;<\/p>\n<p style=\"padding-left: 40px;\">Rozporz\u0105dzenie Ministra Edukacji Narodowej z dnia 16 marca 2017 r. w sprawie przeprowadzania post\u0119powania rekrutacyjnego oraz post\u0119powania uzupe\u0142niaj\u0105cego do publicznych przedszkoli, szk\u00f3\u0142 i plac\u00f3wek;<\/p>\n<p style=\"padding-left: 40px;\">Uchwa\u0142a Nr L\/1186\/18 Rady Miejskiej Wroc\u0142awia z dnia 11 stycznia 2018 r.w sprawie kryteri\u00f3w wraz z liczb\u0105 punkt\u00f3w, w post\u0119powaniu rekrutacyjnym do klasy I publicznej szko\u0142y podstawowej prowadzonej przez Miasto, dla kandydat\u00f3w zamieszka\u0142ych poza obwodem danej szko\u0142y podstawowej, do publicznych m\u0142odzie\u017cowych dom\u00f3w kultury prowadzonych przez Miasto oraz do publicznych przedszkoli i oddzia\u0142\u00f3w przedszkolnych w szko\u0142ach podstawowych prowadzonych przez Miasto na drugim etapie post\u0119powania rekrutacyjnego.<\/p>\n<p>Czas przetwarzania danych osobowych: dane osobowe b\u0119d\u0105 przetwarzane przez czas rekrutacji a po jej zako\u0144czeniu:<\/p>\n<p style=\"padding-left: 40px;\">w przypadku dzieci, kt\u00f3re zosta\u0142y przyj\u0119te do przedszkola przez okres ich ucz\u0119szczania do przedszkola;<\/p>\n<p style=\"padding-left: 40px;\">w przypadku dzieci, kt\u00f3re nie zosta\u0142y przyj\u0119te do przedszkola przez okres roku od zako\u0144czenia procesu rekrutacji.&nbsp;<\/p>\n<p>Podanie danych osobowych jest:<\/p>\n<p style=\"padding-left: 40px;\">obowi\u0105zkowe w zwi\u0105zku z rekrutacj\u0105 do przedszkola, a konsekwencj\u0105 niepodania danych osobowych b\u0119dzie brak mo\u017cliwo\u015bci przeprowadzenia rekrutacji;<\/p>\n<p style=\"padding-left: 40px;\">obowi\u0105zkowe na podstawie powy\u017cszych przepis\u00f3w prawa przy realizacji zada\u0144 dydaktyczno \u2013 wychowawczo \u2013 opieku\u0144czych;<\/p>\n<p style=\"padding-left: 40px;\">dobrowolne w celu podejmowania akcji edukacyjnych przedszkola oraz w celu promocji osi\u0105gni\u0119\u0107 i pozytywnego wizerunku przedszkola.<\/p>\n<p>Maj\u0105 Pa\u0144stwo prawo do:<\/p>\n<p style=\"padding-left: 40px;\">\u017c\u0105dania dost\u0119pu do swoich danych osobowych (art.15 RODO);<\/p>\n<p style=\"padding-left: 40px;\">sprostowania i uzupe\u0142nienia danych osobowych, gdy s\u0105 niezgodne ze stanem rzeczywistym (art.16 RODO);<\/p>\n<p style=\"padding-left: 40px;\">usuni\u0119cia danych przetwarzanych, ograniczenia przetwarzania danych osobowych (art.17 i art. 18 RODO) w zakresie akcji edukacyjnych przedszkola, promocji jego osi\u0105gni\u0119\u0107 i pozytywnego wizerunku.<\/p>\n<p style=\"padding-left: 40px;\">wniesienia skargi do Prezesa Urz\u0119du Ochrony Danych Osobowych, gdy uznaj\u0105 Pa\u0144stwo, \u017ce przetwarzanie danych osobowych narusza przepisy og\u00f3lnego rozporz\u0105dzenia o ochronie danych osobowych z dnia 27 kwietnia 2016 r. (art. 77 RODO).<\/p>\n<p>Odbiorc\u0105 danych osobowych mog\u0105 by\u0107:<\/p>\n<p style=\"padding-left: 40px;\">Urz\u0105d Miejski Wroc\u0142awia, Departament Edukacji ul. G. Zapolskiej 4; 50-032 Wroc\u0142aw;<\/p>\n<p style=\"padding-left: 40px;\">Ministerstwo Edukacji Narodowej poprzez System Informacji O\u015bwiatowej.&nbsp;<\/p>\n<p>Dane osobowe nie b\u0119d\u0105 przekazywane do pa\u0144stwa trzeciego\/organizacji mi\u0119dzynarodowej.<\/p>\n<p>&nbsp;<\/p>\n<h3>Szanowni Pa\u0144stwo,<\/h3>\n<p>Urz\u0105d Ochrony Danych Osobowych, we wsp\u00f3\u0142pracy z&nbsp;Ministerstwem Edukacji Narodowej, przygotowa\u0142&nbsp;poradnik \u201eDane osobowe bezpieczne podczas zdalnego nauczania\u201d.&nbsp;To materia\u0142, kt\u00f3ry zawiera najwa\u017cniejsze informacje na&nbsp;temat bezpiecznego przetwarzania danych podczas kszta\u0142cenia na&nbsp;odleg\u0142o\u015b\u0107. Z&nbsp;poradnika mog\u0105 korzysta\u0107 dyrektorzy szk\u00f3\u0142, nauczyciele, a&nbsp;tak\u017ce rodzice i&nbsp;uczniowie.<\/p>\n<p>Dodatkowo UODO opracowa\u0142o zestaw dobrych praktyk w zakresie bezpiecze\u0144stwa danych podczas kszta\u0142cenia na&nbsp;odleg\u0142o\u015b\u0107. S\u0105 to najwa\u017cniejsze zasady, o&nbsp;kt\u00f3rych powinni pami\u0119ta\u0107 zar\u00f3wno szkolni administratorzy, jak i&nbsp;nauczyciele oraz uczniowie, przygotowuj\u0105c si\u0119 do&nbsp;lekcji online.<\/p>\n<p>W za\u0142\u0105czeniu&nbsp; informacja prasowa oraz poradnik i&nbsp;zestaw dobrych praktyk. Materia\u0142y te s\u0105 r\u00f3wnie\u017c dost\u0119pne na&nbsp; stronie internetowej&nbsp;https:\/\/www.gov.pl\/web\/edukacja\/zdalne-nauczanie-uodo<\/p>\n<p>&nbsp;<\/p>\n<p style=\"text-align: right;\">Z powa\u017caniem<\/p>\n<p style=\"text-align: right;\">Roman Kowalczyk<\/p>\n<p style=\"text-align: right;\">Dolno\u015bl\u0105ski Kurator O\u015bwiaty<br \/>\n&nbsp;<\/p>\n","protected":false},"excerpt":{"rendered":"<p>Informacja Przedszkola Nr 48 dotycz\u0105ca przetwarzania danych osobowych w zwi\u0105zku z&nbsp;Zarz\u0105dzeniem nr 2951\/20 Prezydenta Wroc\u0142awia z&nbsp;dnia 6 maja 2020 r. w sprawie wznowienia funkcjonowania przedszkoli i&nbsp;oddzia\u0142\u00f3w przedszkolnych w szko\u0142ach podstawowych [&hellip;]<\/p>\n","protected":false},"author":7,"featured_media":0,"parent":0,"menu_order":0,"comment_status":"closed","ping_status":"closed","template":"","meta":{"ngg_post_thumbnail":0,"footnotes":""},"class_list":["post-304","page","type-page","status-publish","hentry","clearfix"],"_links":{"self":[{"href":"https:\/\/przedszkole48.edu.wroclaw.pl\/index.php\/wp-json\/wp\/v2\/pages\/304","targetHints":{"allow":["GET"]}}],"collection":[{"href":"https:\/\/przedszkole48.edu.wroclaw.pl\/index.php\/wp-json\/wp\/v2\/pages"}],"about":[{"href":"https:\/\/przedszkole48.edu.wroclaw.pl\/index.php\/wp-json\/wp\/v2\/types\/page"}],"author":[{"embeddable":true,"href":"https:\/\/przedszkole48.edu.wroclaw.pl\/index.php\/wp-json\/wp\/v2\/users\/7"}],"replies":[{"embeddable":true,"href":"https:\/\/przedszkole48.edu.wroclaw.pl\/index.php\/wp-json\/wp\/v2\/comments?post=304"}],"version-history":[{"count":2,"href":"https:\/\/przedszkole48.edu.wroclaw.pl\/index.php\/wp-json\/wp\/v2\/pages\/304\/revisions"}],"predecessor-version":[{"id":337,"href":"https:\/\/przedszkole48.edu.wroclaw.pl\/index.php\/wp-json\/wp\/v2\/pages\/304\/revisions\/337"}],"wp:attachment":[{"href":"https:\/\/przedszkole48.edu.wroclaw.pl\/index.php\/wp-json\/wp\/v2\/media?parent=304"}],"curies":[{"name":"wp","href":"https:\/\/api.w.org\/{rel}","templated":true}]}}