
{"id":257,"date":"2024-11-05T13:09:42","date_gmt":"2024-11-05T12:09:42","guid":{"rendered":"https:\/\/przedszkole48.edu.wroclaw.pl\/?page_id=257"},"modified":"2026-03-13T14:45:25","modified_gmt":"2026-03-13T13:45:25","slug":"__trashed","status":"publish","type":"page","link":"https:\/\/przedszkole48.edu.wroclaw.pl\/index.php\/__trashed\/","title":{"rendered":"Jad\u0142ospis"},"content":{"rendered":"<table style=\"width: 76.1849%;height: 1143px\" width=\"1047\">\n<tbody>\n<tr style=\"height: 96px\">\n<td style=\"width: 10.4762%;height: 96px\" width=\"95\">&nbsp;<\/p>\n<p><strong>DATA<\/strong><\/td>\n<td style=\"width: 30.6667%;height: 96px\" width=\"333\">&nbsp;<\/p>\n<p><strong>\u015aNIADANIE<\/strong><\/td>\n<td style=\"width: 28.4762%;height: 96px\" width=\"304\"><strong>\u00a0<\/strong><\/p>\n<p><strong>ZUPA +PODWIECZOREK<\/strong><\/td>\n<td style=\"width: 29.1429%;height: 96px\" width=\"316\">&nbsp;<\/p>\n<p><strong>DRUGIE\u00a0\u00a0 DANIE<\/strong><\/td>\n<\/tr>\n<tr style=\"height: 208px\">\n<td style=\"width: 10.4762%;height: 208px\" width=\"95\"><strong>Poniedzia\u0142ek<\/strong><\/p>\n<p><strong>09-03-2026r.<\/strong><\/p>\n<p><strong>\u00a0<\/strong><\/td>\n<td style=\"width: 30.6667%;height: 208px\" width=\"333\">Pieczywo \u017cytnie 100g (zawiera:<strong> \u017cyto<\/strong>) z mas\u0142em 4g (zawiera: <strong>mleko<\/strong>), schab pieczony ze \u015bliwk\u0105 30g szpinak baby, marchew 20g.<\/p>\n<p>Kawa zbo\u017cowa 200ml (zawiera: <strong>mleko,<\/strong> <strong>j\u0119czmie\u0144,<\/strong> <strong>\u017cyto<\/strong>).<\/td>\n<td style=\"width: 28.4762%;height: 208px\" width=\"304\">Zupa grochowa z ziemniakami i majerankiem 250ml (zawiera: <strong>seler<\/strong>).<\/p>\n<p>Sa\u0142atka z brzoskwini z granol\u0105 i czekolad\u0105 150g (zawiera: <strong>mleko, pszenica, owies <\/strong>).<\/p>\n<p>Woda 200ml do picia.<\/td>\n<td style=\"width: 29.1429%;height: 208px\" width=\"316\">Placki ziemniaczane z bak\u0142a\u017canem, marchewk\u0105, cebul\u0105 2szt. (zawiera: <strong>pszenic\u0119, jaja<\/strong>) z jogurtem greckim 60g (zawiera: <strong>mleko<\/strong>).<\/p>\n<p>Sok 200ml z pomara\u0144czy.<\/td>\n<\/tr>\n<tr style=\"height: 248px\">\n<td style=\"width: 10.4762%;height: 248px\" width=\"95\"><strong>Wtorek<\/strong><\/p>\n<p><strong>10-03-2026r.<\/strong><\/p>\n<p><strong>\u00a0<\/strong><\/p>\n<p><strong>\u00a0<\/strong><\/td>\n<td style=\"width: 30.6667%;height: 248px\" width=\"333\">Zupa mleczna p\u0142atki kukurydziane 220g (zawiera: <strong>mleko<\/strong>)<strong> \u00a0<\/strong>bu\u0142ka pszenna 50g \u00a0(zawiera: <strong>pszenic\u0119<\/strong>) z mas\u0142em 4g (zawiera: <strong>mleko<\/strong>), serem \u017c\u00f3\u0142tym 30g (zawiera: <strong>mleko<\/strong>) og\u00f3rek zielony 30g.<\/p>\n<p>Herbata 200ml rooibos z pomara\u0144cz\u0105.<\/td>\n<td style=\"width: 28.4762%;height: 248px\" width=\"304\">Zupa pomidorowa z makaronem nitka 250ml (zawiera: <strong>pszenica,<\/strong> <strong>seler<\/strong>).<\/p>\n<p>Ciasto dro\u017cd\u017cowe z malinami i kruszonk\u0105 1kawa\u0142ek. (zawiera: <strong>pszenic\u0119,<\/strong> <strong>mleko, jaja<\/strong>)<\/p>\n<p>Woda 200ml do picia.<\/p>\n<p>&nbsp;<\/td>\n<td style=\"width: 29.1429%;height: 248px\" width=\"316\">Ryz basmanti 130g, morszczuk soute 60g (zawiera: <strong>ryb\u0119<\/strong>) w sosie curry na mleku kokosowym, buraczki 60g<\/p>\n<p>Kompot 200ml z owoc\u00f3w le\u015bnych.<\/td>\n<\/tr>\n<tr style=\"height: 184px\">\n<td style=\"width: 10.4762%;height: 184px\" width=\"95\"><strong>\u015aroda<\/strong><\/p>\n<p><strong>11-03-2026r.<\/strong><\/td>\n<td style=\"width: 30.6667%;height: 184px\" width=\"333\">Pieczywo orkiszowe 100g (zawiera: <strong>pszenic\u0119<\/strong>), pasta rybna z papryk\u0105, szczypiorkiem i<strong> jajkiem<\/strong> 60g (zawiera:<strong> ryb\u0119, mleko<\/strong>), kalarepa 20g, gruszka 20g.<\/p>\n<p>Kakao 200ml (zawiera: <strong>mleko<\/strong>).<\/td>\n<td style=\"width: 28.4762%;height: 184px\" width=\"304\">Zupa meksyka\u0144ska z kukurydz\u0105 i fasol\u0105 czerwon\u0105 250g (zawiera: <strong>seler<\/strong>)<\/p>\n<p>Racuchy z jab\u0142kiem pra\u017conym i \u017curawin\u0105 1szt (zawiera: <strong>pszenic\u0119, mleko, jaja<\/strong>).<\/p>\n<p>Woda 200ml do picia.<\/td>\n<td style=\"width: 29.1429%;height: 184px\" width=\"316\">Kasza gryczana na sypko 130g, donut z kurczaka w panierce kukurydzianej 60g (zawiera: <strong>jaja<\/strong>), gzik czosnkowy (zawiera: <strong>mleko<\/strong>), broku\u0142 blanszowany 60g.<\/p>\n<p>Lemoniada 200ml z wi\u015bni i jab\u0142ka.<\/td>\n<\/tr>\n<tr style=\"height: 232px\">\n<td style=\"width: 10.4762%;height: 232px\" width=\"95\"><strong><em>Czwartek<\/em><\/strong><\/p>\n<p><strong><em>12-03-2026r.<\/em><\/strong><\/td>\n<td style=\"width: 30.6667%;height: 232px\" width=\"333\">Zupa mleczna 200ml p\u0142atki zbo\u017cowe (zawiera: <strong>mleko, owies, pszenica<\/strong>), pieczywo gryczano- pszenne 50g (zawiera: <strong>pszenic\u0119<\/strong>) z mas\u0142em 4g (zawiera: <strong>mleko<\/strong>), <strong>jajkiem<\/strong> krojonym 30g, rzodkiewk\u0105 20g i szczypiorkiem.<\/p>\n<p>Herbata 200ml czarna z cytryn\u0105.<\/td>\n<td style=\"width: 28.4762%;height: 232px\" width=\"304\">Krem z dyni pi\u017cmowej z imbirem i sokiem z pomara\u0144czy 250ml (zawiera: <strong>seler<\/strong>)<\/p>\n<p>Sa\u0142atka z og\u00f3rka zielonego z mi\u0119t\u0105, \u015bwie\u017ca pad thai z \u0142ososiem na patyku 150g (zawiera: <strong>ryb\u0119<\/strong>)<\/p>\n<p>Woda 200ml do picia.<\/td>\n<td style=\"width: 29.1429%;height: 232px\" width=\"316\">Ziemniaki gotowane 130g, gulasz z szynki wieprzowej 60g, sur\u00f3wka z pora, marchewki, kopru i jogurtu 60g (zawiera: <strong>mleko<\/strong>).<\/p>\n<p>Kompot 200ml truskawkowy.<\/p>\n<p>&nbsp;<\/td>\n<\/tr>\n<tr style=\"height: 175px\">\n<td style=\"width: 10.4762%;height: 175px\" width=\"95\"><strong>Pi\u0105tek <\/strong><\/p>\n<p><strong>13-03-2026r.<\/strong><\/td>\n<td style=\"width: 30.6667%;height: 175px\" width=\"333\">Pieczywo orkiszowe 100g (zawiera: <strong>pszenic\u0119<\/strong>) z mas\u0142em 4g (zawiera; <strong>mleko<\/strong>), szynka konserwowa 30g, og\u00f3rek kiszony 20g, marchew 20g, broku\u0142 20g.<\/p>\n<p>Bawarka 200ml (zawiera: <strong>mleko<\/strong>).<\/td>\n<td style=\"width: 28.4762%;height: 175px\" width=\"304\">Barszcz czerwony z ziemniakami 250ml \u00a0(zawiera: <strong>seler<\/strong>).<\/p>\n<p>Baton m\u00fcsli 1szt.(zawiera: <strong>pszenic\u0119, owies<\/strong>).<\/p>\n<p>Woda 200ml do picia<\/td>\n<td style=\"width: 29.1429%;height: 175px\" width=\"316\">Makaron penne (zawiera: <strong>pszenic\u0119<\/strong>) z bia\u0142ym serem 220g (zawiera: <strong>mleko<\/strong>) i polew\u0105 z mango 60g.<\/p>\n<p>Lemoniada \u00a0200ml z cytryny i mi\u0119ty.<\/td>\n<\/tr>\n<\/tbody>\n<\/table>\n<p><strong>Pogrubion\u0105 czcionk\u0105 zaznaczono alergeny zgodnie z Rozporz\u0105dzeniem 1169\/2011. Alergeny wyst\u0119puj\u0105ce w produktach : zbo\u017ca zawieraj\u0105ce gluten, soje, <\/strong><\/p>\n","protected":false},"excerpt":{"rendered":"<p>&nbsp; DATA &nbsp; \u015aNIADANIE \u00a0 ZUPA +PODWIECZOREK &nbsp; DRUGIE\u00a0\u00a0 DANIE Poniedzia\u0142ek 09-03-2026r. \u00a0 Pieczywo \u017cytnie 100g (zawiera: \u017cyto) z mas\u0142em 4g (zawiera: mleko), schab pieczony ze \u015bliwk\u0105 30g szpinak baby, [&hellip;]<\/p>\n","protected":false},"author":7,"featured_media":0,"parent":0,"menu_order":0,"comment_status":"closed","ping_status":"closed","template":"","meta":{"ngg_post_thumbnail":0,"footnotes":""},"class_list":["post-257","page","type-page","status-publish","hentry","clearfix"],"_links":{"self":[{"href":"https:\/\/przedszkole48.edu.wroclaw.pl\/index.php\/wp-json\/wp\/v2\/pages\/257","targetHints":{"allow":["GET"]}}],"collection":[{"href":"https:\/\/przedszkole48.edu.wroclaw.pl\/index.php\/wp-json\/wp\/v2\/pages"}],"about":[{"href":"https:\/\/przedszkole48.edu.wroclaw.pl\/index.php\/wp-json\/wp\/v2\/types\/page"}],"author":[{"embeddable":true,"href":"https:\/\/przedszkole48.edu.wroclaw.pl\/index.php\/wp-json\/wp\/v2\/users\/7"}],"replies":[{"embeddable":true,"href":"https:\/\/przedszkole48.edu.wroclaw.pl\/index.php\/wp-json\/wp\/v2\/comments?post=257"}],"version-history":[{"count":19,"href":"https:\/\/przedszkole48.edu.wroclaw.pl\/index.php\/wp-json\/wp\/v2\/pages\/257\/revisions"}],"predecessor-version":[{"id":601,"href":"https:\/\/przedszkole48.edu.wroclaw.pl\/index.php\/wp-json\/wp\/v2\/pages\/257\/revisions\/601"}],"wp:attachment":[{"href":"https:\/\/przedszkole48.edu.wroclaw.pl\/index.php\/wp-json\/wp\/v2\/media?parent=257"}],"curies":[{"name":"wp","href":"https:\/\/api.w.org\/{rel}","templated":true}]}}