
{"id":247,"date":"2024-09-24T13:27:11","date_gmt":"2024-09-24T11:27:11","guid":{"rendered":"https:\/\/przedszkole48.edu.wroclaw.pl\/?page_id=247"},"modified":"2026-03-16T12:45:42","modified_gmt":"2026-03-16T11:45:42","slug":"cykliczne-wydarzenia","status":"publish","type":"page","link":"https:\/\/przedszkole48.edu.wroclaw.pl\/index.php\/cykliczne-wydarzenia\/","title":{"rendered":"Cykliczne wydarzenia"},"content":{"rendered":"<div class=\"wpb-content-wrapper\"><p>[vc_row][vc_column][vc_column_text css=&#8221;&#8221;]<\/p>\n<h2 style=\"text-align: center\">lipiec<\/h2>\n<p style=\"text-align: left\">wakacje od 1 do 31<\/p>\n<hr \/>\n<h2 style=\"text-align: center\">czerwiec<\/h2>\n<ul>\n<li>Dzie\u0144 Dziecka<\/li>\n<li>Dzie\u0144 przedszkolaka<\/li>\n<li>Wycieczka autokarowa<\/li>\n<li>Uroczyste zako\u0144czenie roku szkolnego ka\u017cdej grupy w ogrodzie przedszkolnym<\/li>\n<li>Pasowanie na Przedszkolaka<\/li>\n<li>Po\u017cegnanie &#8222;Zer\u00f3wki&#8221;<\/li>\n<li>&#8222;Bajkobus&#8221; w przedszkolu<\/li>\n<li>Koncert muzyczny<\/li>\n<\/ul>\n<hr \/>\n<h2 style=\"text-align: center\">maj<\/h2>\n<ul>\n<li style=\"text-align: left\">Rowerowy Maj<\/li>\n<li>Spartakiada<\/li>\n<li>Festyn Rodzinny<\/li>\n<li>&#8222;Bajkobus&#8221; w przedszkolu<\/li>\n<li>Koncert muzyczny<\/li>\n<li>Wizyta &#8222;Zer\u00f3wki&#8221; w Szkole Podstawowej<\/li>\n<\/ul>\n<hr \/>\n<h2 style=\"text-align: center\">kwiecie\u0144<\/h2>\n<ul>\n<li>Festiwal Piosenki<\/li>\n<li>Wiosenny konkurs przedszkolny<\/li>\n<li>Og\u00f3lnopolski Konkurs MPPL &#8211; &#8222;Limeryk&#8221;; &#8222;Bajka logopedyczna&#8221;<\/li>\n<li>\u015awiatowy Dzie\u0144 \u015awiadomo\u015bci Autyzmu<\/li>\n<li>Koncert muzyczny<\/li>\n<li>Dzie\u0144 ksi\u0105\u017cki<\/li>\n<\/ul>\n<hr \/>\n<h2 style=\"text-align: center\">marzec<\/h2>\n<ul>\n<li>Powitanie wiosny<\/li>\n<li>Zaj\u0105czek w przedszkolu &#8222;Szukamy pisanek w ogrodzie przedszkolnym&#8221;<\/li>\n<li>Wiosenny Kiermasz \u015bwi\u0105teczny<\/li>\n<li>Koncert muzyczny<\/li>\n<li>Dzie\u0144 Kolorowej Skarpetki<\/li>\n<li>Dni Otwarte<\/li>\n<\/ul>\n<hr \/>\n<h2 style=\"text-align: center\">stycze\u0144 &#8211; luty<\/h2>\n<ul>\n<li>Dzie\u0144 Babci i Dziadka<\/li>\n<li>Zabawa Karnawa\u0142owa<\/li>\n<li>Zimowy konkurs przedszkolny<\/li>\n<li>Koncert muzyczny<\/li>\n<li>Dzie\u0144 J\u0119zyka Ojczystego<\/li>\n<\/ul>\n<hr \/>\n<h2 style=\"text-align: center\">grudzie\u0144<\/h2>\n<ul>\n<li>Miko\u0142aj<\/li>\n<li>\u015awi\u0105teczne Warsztaty z Rodzicami<\/li>\n<li>\u015awi\u0105teczny Obiad Wigilijny<\/li>\n<li>Kiermasz \u015bwi\u0105teczny &#8211; bo\u017conarodzeniowy<\/li>\n<li>Koncert muzyczny<\/li>\n<\/ul>\n<hr \/>\n<h2 style=\"text-align: center\">listopad<\/h2>\n<ul>\n<li>\u015awiatowy Dzie\u0144\u00a0 Pluszowego Misia<\/li>\n<li>&#8222;Dzie\u0144 \u017cyczliwo\u015bci&#8221;<\/li>\n<li>Og\u00f3lnopolska akcja &#8222;Do hymnu&#8221;<\/li>\n<li>Mi\u0119dzynarodowy Dzie\u0144 Praw Dziecka &#8211; UNICEF<\/li>\n<li>Koncert muzyczny<\/li>\n<\/ul>\n<p>&nbsp;<\/p>\n<hr \/>\n<h2 style=\"text-align: center\">wrzesie\u0144 &#8211; pa\u017adziernik<\/h2>\n<ul>\n<li>Wycieczka jesienna<\/li>\n<li>\u015awiatowy Dzie\u0144 Drzewa<\/li>\n<li>Jesienny Festyn rodzinny<\/li>\n<li>Mi\u0119dzynarodowy Dzie\u0144 Kropki<\/li>\n<li>Koncert muzyczny<\/li>\n<li>\u015awiatowy Dzie\u0144 Mycia R\u0105k<\/li>\n<\/ul>\n<p>[\/vc_column_text][\/vc_column][\/vc_row]<\/p>\n<\/div>","protected":false},"excerpt":{"rendered":"<p>[vc_row][vc_column][vc_column_text css=&#8221;&#8221;] lipiec wakacje od 1 do 31 czerwiec Dzie\u0144 Dziecka Dzie\u0144 przedszkolaka Wycieczka autokarowa Uroczyste zako\u0144czenie roku szkolnego ka\u017cdej grupy w ogrodzie przedszkolnym Pasowanie na Przedszkolaka Po\u017cegnanie &#8222;Zer\u00f3wki&#8221; &#8222;Bajkobus&#8221; [&hellip;]<\/p>\n","protected":false},"author":7,"featured_media":0,"parent":0,"menu_order":0,"comment_status":"closed","ping_status":"closed","template":"","meta":{"ngg_post_thumbnail":0,"footnotes":""},"class_list":["post-247","page","type-page","status-publish","hentry","clearfix"],"_links":{"self":[{"href":"https:\/\/przedszkole48.edu.wroclaw.pl\/index.php\/wp-json\/wp\/v2\/pages\/247","targetHints":{"allow":["GET"]}}],"collection":[{"href":"https:\/\/przedszkole48.edu.wroclaw.pl\/index.php\/wp-json\/wp\/v2\/pages"}],"about":[{"href":"https:\/\/przedszkole48.edu.wroclaw.pl\/index.php\/wp-json\/wp\/v2\/types\/page"}],"author":[{"embeddable":true,"href":"https:\/\/przedszkole48.edu.wroclaw.pl\/index.php\/wp-json\/wp\/v2\/users\/7"}],"replies":[{"embeddable":true,"href":"https:\/\/przedszkole48.edu.wroclaw.pl\/index.php\/wp-json\/wp\/v2\/comments?post=247"}],"version-history":[{"count":7,"href":"https:\/\/przedszkole48.edu.wroclaw.pl\/index.php\/wp-json\/wp\/v2\/pages\/247\/revisions"}],"predecessor-version":[{"id":707,"href":"https:\/\/przedszkole48.edu.wroclaw.pl\/index.php\/wp-json\/wp\/v2\/pages\/247\/revisions\/707"}],"wp:attachment":[{"href":"https:\/\/przedszkole48.edu.wroclaw.pl\/index.php\/wp-json\/wp\/v2\/media?parent=247"}],"curies":[{"name":"wp","href":"https:\/\/api.w.org\/{rel}","templated":true}]}}