
{"id":221,"date":"2024-09-20T11:49:33","date_gmt":"2024-09-20T09:49:33","guid":{"rendered":"https:\/\/przedszkole48.edu.wroclaw.pl\/?page_id=221"},"modified":"2024-11-27T12:39:57","modified_gmt":"2024-11-27T11:39:57","slug":"strona-glowna","status":"publish","type":"page","link":"https:\/\/przedszkole48.edu.wroclaw.pl\/","title":{"rendered":"Strona g\u0142\u00f3wna"},"content":{"rendered":"<div class=\"wpb-content-wrapper\"><p>[vc_row css_animation=&#8221;zoomIn&#8221; css=&#8221;.vc_custom_1727350064199{margin-right: 40px !important;margin-left: 40px !important;}&#8221;][vc_column width=&#8221;1\/5&#8243;][vc_icon icon_fontawesome=&#8221;far fa-calendar-alt&#8221; color=&#8221;custom&#8221; background_style=&#8221;rounded-outline&#8221; background_color=&#8221;custom&#8221; size=&#8221;xl&#8221; align=&#8221;center&#8221; css=&#8221;&#8221; custom_color=&#8221;#9d641b&#8221; custom_background_color=&#8221;#9d641b&#8221; link=&#8221;url:%2Findex.php%2Fevents|title:Kalendarium&#8221;][vc_column_text css=&#8221;.vc_custom_1730809751972{margin-top: -40px !important;}&#8221;]<\/p>\n<h2 style=\"text-align: center;\"><span style=\"font-size: 20px; color: #9d641b;\">Kalendarium<\/span><\/h2>\n<p>[\/vc_column_text][\/vc_column][vc_column width=&#8221;1\/5&#8243;][vc_icon icon_fontawesome=&#8221;fas fa-user-graduate&#8221; color=&#8221;custom&#8221; background_style=&#8221;rounded-outline&#8221; background_color=&#8221;custom&#8221; size=&#8221;xl&#8221; align=&#8221;center&#8221; css=&#8221;&#8221; custom_color=&#8221;#1e73be&#8221; custom_background_color=&#8221;#1e73be&#8221; link=&#8221;url:%2Findex.php%2Frekrutacja%2F|title:Rekrutacja&#8221;][vc_column_text css=&#8221;.vc_custom_1686898790756{margin-top: -40px !important;}&#8221;]<\/p>\n<h2 style=\"text-align: center;\"><span style=\"font-size: 20px; color: #1e73be;\">Rekrutacja<\/span><\/h2>\n<p>[\/vc_column_text][\/vc_column][vc_column width=&#8221;1\/5&#8243;][vc_icon icon_fontawesome=&#8221;fas fa-layer-group&#8221; color=&#8221;custom&#8221; background_style=&#8221;rounded-outline&#8221; background_color=&#8221;custom&#8221; size=&#8221;xl&#8221; align=&#8221;center&#8221; css=&#8221;&#8221; custom_color=&#8221;#237e15&#8243; custom_background_color=&#8221;#237e15&#8243; link=&#8221;url:https%3A%2F%2Fprzedszkole48.edu.wroclaw.pl%2Findex.php%2Frodo%2F|title:RODO&#8221;][vc_column_text css=&#8221;.vc_custom_1686898897873{margin-top: -40px !important;}&#8221;]<\/p>\n<h2 style=\"text-align: center;\"><span style=\"font-size: 20px; color: #237e15;\">RODO<\/span><\/h2>\n<p>[\/vc_column_text][\/vc_column][vc_column width=&#8221;1\/5&#8243;][vc_icon icon_fontawesome=&#8221;fas fa-book-reader&#8221; color=&#8221;custom&#8221; background_style=&#8221;rounded-outline&#8221; background_color=&#8221;custom&#8221; size=&#8221;xl&#8221; align=&#8221;center&#8221; css=&#8221;&#8221; custom_color=&#8221;#003d8e&#8221; custom_background_color=&#8221;#003d8e&#8221; link=&#8221;url:%2Findex.php%2Fcykliczne-wydarzenia%2F|title:Cykliczne%20wydarzenia&#8221;][vc_column_text css=&#8221;.vc_custom_1727178041829{margin-top: -40px !important;}&#8221;]<\/p>\n<h2 style=\"text-align: center;\"><span style=\"font-size: 20px; color: #003d8e;\">Cykliczne wydarzenia<br \/>\n<\/span><\/h2>\n<p>[\/vc_column_text][\/vc_column][vc_column width=&#8221;1\/5&#8243;][vc_icon icon_fontawesome=&#8221;fas fa-shield-alt&#8221; color=&#8221;custom&#8221; background_style=&#8221;rounded-outline&#8221; background_color=&#8221;custom&#8221; size=&#8221;xl&#8221; align=&#8221;center&#8221; css=&#8221;&#8221; custom_color=&#8221;#dd2e34&#8243; custom_background_color=&#8221;#dd2e34&#8243; link=&#8221;url:%2Findex.php%2Fstandardy-ochrony-maloletnich%2F|title:Standardy%20ochrony%20ma%C5%82oletnich&#8221;][vc_column_text css=&#8221;.vc_custom_1730892351001{margin-top: -40px !important;}&#8221;]<\/p>\n<h2 style=\"text-align: center;\"><span style=\"font-size: 20px; color: #800000;\"><span style=\"color: #dd2e34;\">Standardy ochrony ma\u0142oletnich<\/span><br \/>\n<\/span><\/h2>\n<p>&nbsp;[\/vc_column_text][\/vc_column][\/vc_row][vc_row][vc_column width=&#8221;1\/12&#8243;][\/vc_column][vc_column width=&#8221;1\/2&#8243;][vc_wp_text]<\/p>\n<h1 style=\"text-align: center;\"><span style=\"font-size: 42pt;\">O Przedszkolu<\/span><\/h1>\n<p>[\/vc_wp_text][vc_separator color=&#8221;custom&#8221; border_width=&#8221;4&#8243; el_width=&#8221;50&#8243; css=&#8221;.vc_custom_1730895608365{margin-top: -30px !important;}&#8221; accent_color=&#8221;#3b6a94&#8243;][vc_wp_text]Nasze Przedszkole zlokalizowane jest w pobli\u017cu Parku Szczytnickiego,&nbsp;Ogrodu Zoologicznego i Przystani Zwierzynieckiej. Budynek przedszkolny to willa z roku ok. 1900. Mamy ogr\u00f3d z unikatowymi okazami drzew i krzew\u00f3w. W naszym przedszkolu dziecko wyznacza kierunki pracy, nauczyciel wspiera je w rozwoju, poszukiwaniu w\u0142asnej drogi.[\/vc_wp_text][\/vc_column][vc_column width=&#8221;1\/3&#8243;][vc_empty_space height=&#8221;160px&#8221;][vc_single_image image=&#8221;322&#8243; img_size=&#8221;full&#8221; alignment=&#8221;center&#8221; css=&#8221;&#8221;][\/vc_column][\/vc_row]<\/p>\n<\/div>","protected":false},"excerpt":{"rendered":"<p>[vc_row css_animation=&#8221;zoomIn&#8221; css=&#8221;.vc_custom_1727350064199{margin-right: 40px !important;margin-left: 40px !important;}&#8221;][vc_column width=&#8221;1\/5&#8243;][vc_icon icon_fontawesome=&#8221;far fa-calendar-alt&#8221; color=&#8221;custom&#8221; background_style=&#8221;rounded-outline&#8221; background_color=&#8221;custom&#8221; size=&#8221;xl&#8221; align=&#8221;center&#8221; css=&#8221;&#8221; custom_color=&#8221;#9d641b&#8221; custom_background_color=&#8221;#9d641b&#8221; link=&#8221;url:%2Findex.php%2Fevents|title:Kalendarium&#8221;][vc_column_text css=&#8221;.vc_custom_1730809751972{margin-top: -40px !important;}&#8221;] Kalendarium [\/vc_column_text][\/vc_column][vc_column width=&#8221;1\/5&#8243;][vc_icon icon_fontawesome=&#8221;fas fa-user-graduate&#8221; color=&#8221;custom&#8221; background_style=&#8221;rounded-outline&#8221; background_color=&#8221;custom&#8221; [&hellip;]<\/p>\n","protected":false},"author":7,"featured_media":0,"parent":0,"menu_order":0,"comment_status":"closed","ping_status":"closed","template":"","meta":{"ngg_post_thumbnail":0,"footnotes":""},"class_list":["post-221","page","type-page","status-publish","hentry","clearfix"],"_links":{"self":[{"href":"https:\/\/przedszkole48.edu.wroclaw.pl\/index.php\/wp-json\/wp\/v2\/pages\/221","targetHints":{"allow":["GET"]}}],"collection":[{"href":"https:\/\/przedszkole48.edu.wroclaw.pl\/index.php\/wp-json\/wp\/v2\/pages"}],"about":[{"href":"https:\/\/przedszkole48.edu.wroclaw.pl\/index.php\/wp-json\/wp\/v2\/types\/page"}],"author":[{"embeddable":true,"href":"https:\/\/przedszkole48.edu.wroclaw.pl\/index.php\/wp-json\/wp\/v2\/users\/7"}],"replies":[{"embeddable":true,"href":"https:\/\/przedszkole48.edu.wroclaw.pl\/index.php\/wp-json\/wp\/v2\/comments?post=221"}],"version-history":[{"count":23,"href":"https:\/\/przedszkole48.edu.wroclaw.pl\/index.php\/wp-json\/wp\/v2\/pages\/221\/revisions"}],"predecessor-version":[{"id":530,"href":"https:\/\/przedszkole48.edu.wroclaw.pl\/index.php\/wp-json\/wp\/v2\/pages\/221\/revisions\/530"}],"wp:attachment":[{"href":"https:\/\/przedszkole48.edu.wroclaw.pl\/index.php\/wp-json\/wp\/v2\/media?parent=221"}],"curies":[{"name":"wp","href":"https:\/\/api.w.org\/{rel}","templated":true}]}}